{"id":5476,"date":"2021-08-09T20:05:39","date_gmt":"2021-08-09T18:05:39","guid":{"rendered":"https:\/\/leyissa.de\/?post_type=product&#038;p=5476"},"modified":"2021-08-09T20:05:39","modified_gmt":"2021-08-09T18:05:39","slug":"morfose-profesyonel-keratin-seyahat-canta-kiti","status":"publish","type":"product","link":"https:\/\/leyissa.de\/tr\/urun\/morfose-profesyonel-keratin-seyahat-canta-kiti\/","title":{"rendered":"MORFOSE PROFESYONEL KERAT\u0130N SEYAHAT \u00c7ANTA K\u0130T\u0130"},"content":{"rendered":"<p>MORFOSE PROFESYONEL KERAT\u0130N SEYAHAT \u00c7ANTA K\u0130T\u0130<br \/>\nF\u0130YATI 12,99\u20ac<br \/>\n%19 KDV DAH\u0130L<br \/>\n+5 \u20ac KARGO \u00dcCRET\u0130 UYGULANIR<\/p>\n","protected":false},"excerpt":{"rendered":"<p>MORFOSE PROFESYONEL KERAT\u0130N SEYAHAT \u00c7ANTA K\u0130T\u0130 F\u0130YATI 12,99\u20ac %19 KDV DAH\u0130L +5 \u20ac KARGO \u00dcCRET\u0130 UYGULANIR<\/p>\n","protected":false},"featured_media":5477,"template":"","meta":[],"product_cat":[51],"product_tag":[],"class_list":{"0":"post-5476","1":"product","2":"type-product","3":"status-publish","4":"has-post-thumbnail","6":"product_cat-genel","8":"first","9":"instock","10":"shipping-taxable","11":"purchasable","12":"product-type-simple"},"_links":{"self":[{"href":"https:\/\/leyissa.de\/tr\/wp-json\/wp\/v2\/product\/5476","targetHints":{"allow":["GET"]}}],"collection":[{"href":"https:\/\/leyissa.de\/tr\/wp-json\/wp\/v2\/product"}],"about":[{"href":"https:\/\/leyissa.de\/tr\/wp-json\/wp\/v2\/types\/product"}],"wp:featuredmedia":[{"embeddable":true,"href":"https:\/\/leyissa.de\/tr\/wp-json\/wp\/v2\/media\/5477"}],"wp:attachment":[{"href":"https:\/\/leyissa.de\/tr\/wp-json\/wp\/v2\/media?parent=5476"}],"wp:term":[{"taxonomy":"product_cat","embeddable":true,"href":"https:\/\/leyissa.de\/tr\/wp-json\/wp\/v2\/product_cat?post=5476"},{"taxonomy":"product_tag","embeddable":true,"href":"https:\/\/leyissa.de\/tr\/wp-json\/wp\/v2\/product_tag?post=5476"}],"curies":[{"name":"wp","href":"https:\/\/api.w.org\/{rel}","templated":true}]}}