{"id":5473,"date":"2021-08-09T20:04:42","date_gmt":"2021-08-09T18:04:42","guid":{"rendered":"https:\/\/leyissa.de\/?post_type=product&#038;p=5473"},"modified":"2021-08-09T20:04:42","modified_gmt":"2021-08-09T18:04:42","slug":"loof-mikro-keratin-sac-kaynak-makinesi-duz-l-611","status":"publish","type":"product","link":"https:\/\/leyissa.de\/tr\/urun\/loof-mikro-keratin-sac-kaynak-makinesi-duz-l-611\/","title":{"rendered":"LOOF M\u0130KRO KERAT\u0130N SA\u00c7 KAYNAK MAK\u0130NES\u0130 D\u00dcZ L-611"},"content":{"rendered":"<p>LOOF M\u0130KRO KERAT\u0130N SA\u00c7 KAYNAK MAK\u0130NES\u0130 D\u00dcZ L-611<br \/>\nF\u0130YATI 120\u20ac<br \/>\n%19 KDV DAH\u0130L<br \/>\n+5 \u20ac KARGO \u00dcCRET\u0130 UYGULANIR<\/p>\n","protected":false},"excerpt":{"rendered":"<p>LOOF M\u0130KRO KERAT\u0130N SA\u00c7 KAYNAK MAK\u0130NES\u0130 D\u00dcZ L-611 F\u0130YATI 120\u20ac %19 KDV DAH\u0130L +5 \u20ac KARGO \u00dcCRET\u0130 UYGULANIR<\/p>\n","protected":false},"featured_media":5474,"template":"","meta":[],"product_cat":[51],"product_tag":[],"class_list":{"0":"post-5473","1":"product","2":"type-product","3":"status-publish","4":"has-post-thumbnail","6":"product_cat-genel","8":"first","9":"instock","10":"shipping-taxable","11":"purchasable","12":"product-type-simple"},"_links":{"self":[{"href":"https:\/\/leyissa.de\/tr\/wp-json\/wp\/v2\/product\/5473","targetHints":{"allow":["GET"]}}],"collection":[{"href":"https:\/\/leyissa.de\/tr\/wp-json\/wp\/v2\/product"}],"about":[{"href":"https:\/\/leyissa.de\/tr\/wp-json\/wp\/v2\/types\/product"}],"wp:featuredmedia":[{"embeddable":true,"href":"https:\/\/leyissa.de\/tr\/wp-json\/wp\/v2\/media\/5474"}],"wp:attachment":[{"href":"https:\/\/leyissa.de\/tr\/wp-json\/wp\/v2\/media?parent=5473"}],"wp:term":[{"taxonomy":"product_cat","embeddable":true,"href":"https:\/\/leyissa.de\/tr\/wp-json\/wp\/v2\/product_cat?post=5473"},{"taxonomy":"product_tag","embeddable":true,"href":"https:\/\/leyissa.de\/tr\/wp-json\/wp\/v2\/product_tag?post=5473"}],"curies":[{"name":"wp","href":"https:\/\/api.w.org\/{rel}","templated":true}]}}