{"id":5255,"date":"2021-07-28T15:03:27","date_gmt":"2021-07-28T13:03:27","guid":{"rendered":"https:\/\/leyissa.de\/?post_type=product&#038;p=5255"},"modified":"2021-07-28T15:03:27","modified_gmt":"2021-07-28T13:03:27","slug":"boermeize-permanent-ignesi","status":"publish","type":"product","link":"https:\/\/leyissa.de\/tr\/urun\/boermeize-permanent-ignesi\/","title":{"rendered":"BOERMEIZE PERMANENT \u0130\u011eNES\u0130"},"content":{"rendered":"<p>1RL<br \/>\n-0,3MM<br \/>\nKUTU \u0130\u00c7ER\u0130\u011e\u0130 10 ADET \u0130\u011eNE<br \/>\nF\u0130YATI 49,99\u20ac<br \/>\n%19 KDV DAH\u0130L<br \/>\n+5 \u20ac KARGO \u00dcCRET\u0130 UYGULANIR<\/p>\n","protected":false},"excerpt":{"rendered":"<p>1RL -0,3MM KUTU \u0130\u00c7ER\u0130\u011e\u0130 10 ADET \u0130\u011eNE F\u0130YATI 49,99\u20ac %19 KDV DAH\u0130L +5 \u20ac KARGO \u00dcCRET\u0130 UYGULANIR<\/p>\n","protected":false},"featured_media":5256,"template":"","meta":[],"product_cat":[51],"product_tag":[],"class_list":{"0":"post-5255","1":"product","2":"type-product","3":"status-publish","4":"has-post-thumbnail","6":"product_cat-genel","8":"first","9":"instock","10":"shipping-taxable","11":"purchasable","12":"product-type-simple"},"_links":{"self":[{"href":"https:\/\/leyissa.de\/tr\/wp-json\/wp\/v2\/product\/5255","targetHints":{"allow":["GET"]}}],"collection":[{"href":"https:\/\/leyissa.de\/tr\/wp-json\/wp\/v2\/product"}],"about":[{"href":"https:\/\/leyissa.de\/tr\/wp-json\/wp\/v2\/types\/product"}],"wp:featuredmedia":[{"embeddable":true,"href":"https:\/\/leyissa.de\/tr\/wp-json\/wp\/v2\/media\/5256"}],"wp:attachment":[{"href":"https:\/\/leyissa.de\/tr\/wp-json\/wp\/v2\/media?parent=5255"}],"wp:term":[{"taxonomy":"product_cat","embeddable":true,"href":"https:\/\/leyissa.de\/tr\/wp-json\/wp\/v2\/product_cat?post=5255"},{"taxonomy":"product_tag","embeddable":true,"href":"https:\/\/leyissa.de\/tr\/wp-json\/wp\/v2\/product_tag?post=5255"}],"curies":[{"name":"wp","href":"https:\/\/api.w.org\/{rel}","templated":true}]}}