{"id":5243,"date":"2021-07-28T14:59:39","date_gmt":"2021-07-28T12:59:39","guid":{"rendered":"https:\/\/leyissa.de\/?post_type=product&#038;p=5243"},"modified":"2021-08-09T19:58:32","modified_gmt":"2021-08-09T17:58:32","slug":"oleplex-keretin-yukleme-bakim-kiti","status":"publish","type":"product","link":"https:\/\/leyissa.de\/tr\/urun\/oleplex-keretin-yukleme-bakim-kiti\/","title":{"rendered":"OLEPLEX KERAT\u0130N Y\u00dcKLEME BAKIM K\u0130T\u0130"},"content":{"rendered":"<p>N01. 525ML<br \/>\nNO2. 525 ML<br \/>\nSET F\u0130YATI 180\u20ac<br \/>\n%19 KDV DAH\u0130L<br \/>\n+5 \u20ac KARGO \u00dcCRET\u0130 UYGULANIR<\/p>\n","protected":false},"excerpt":{"rendered":"<p>N01. 525ML NO2. 525 ML SET F\u0130YATI 180\u20ac %19 KDV DAH\u0130L +5 \u20ac KARGO \u00dcCRET\u0130 UYGULANIR<\/p>\n","protected":false},"featured_media":5244,"template":"","meta":[],"product_cat":[51],"product_tag":[],"class_list":{"0":"post-5243","1":"product","2":"type-product","3":"status-publish","4":"has-post-thumbnail","6":"product_cat-genel","8":"first","9":"instock","10":"shipping-taxable","11":"purchasable","12":"product-type-simple"},"_links":{"self":[{"href":"https:\/\/leyissa.de\/tr\/wp-json\/wp\/v2\/product\/5243","targetHints":{"allow":["GET"]}}],"collection":[{"href":"https:\/\/leyissa.de\/tr\/wp-json\/wp\/v2\/product"}],"about":[{"href":"https:\/\/leyissa.de\/tr\/wp-json\/wp\/v2\/types\/product"}],"wp:featuredmedia":[{"embeddable":true,"href":"https:\/\/leyissa.de\/tr\/wp-json\/wp\/v2\/media\/5244"}],"wp:attachment":[{"href":"https:\/\/leyissa.de\/tr\/wp-json\/wp\/v2\/media?parent=5243"}],"wp:term":[{"taxonomy":"product_cat","embeddable":true,"href":"https:\/\/leyissa.de\/tr\/wp-json\/wp\/v2\/product_cat?post=5243"},{"taxonomy":"product_tag","embeddable":true,"href":"https:\/\/leyissa.de\/tr\/wp-json\/wp\/v2\/product_tag?post=5243"}],"curies":[{"name":"wp","href":"https:\/\/api.w.org\/{rel}","templated":true}]}}