{"id":5237,"date":"2021-07-28T14:57:33","date_gmt":"2021-07-28T12:57:33","guid":{"rendered":"https:\/\/leyissa.de\/?post_type=product&#038;p=5237"},"modified":"2021-07-28T14:57:33","modified_gmt":"2021-07-28T12:57:33","slug":"rodeo-profesyonel-fon-fircasi-1020s-model","status":"publish","type":"product","link":"https:\/\/leyissa.de\/tr\/urun\/rodeo-profesyonel-fon-fircasi-1020s-model\/","title":{"rendered":"RODEO PROFESYONEL F\u00d6N FIR\u00c7ASI 1020S MODEL"},"content":{"rendered":"<p>F\u0130YATI 19,99\u20ac<br \/>\n%19 KDV DAH\u0130L<br \/>\n+5 \u20ac KARGO \u00dcCRET\u0130 UYGULANIR<\/p>\n","protected":false},"excerpt":{"rendered":"<p>F\u0130YATI 19,99\u20ac %19 KDV DAH\u0130L +5 \u20ac KARGO \u00dcCRET\u0130 UYGULANIR<\/p>\n","protected":false},"featured_media":5238,"template":"","meta":[],"product_cat":[51],"product_tag":[],"class_list":{"0":"post-5237","1":"product","2":"type-product","3":"status-publish","4":"has-post-thumbnail","6":"product_cat-genel","8":"first","9":"instock","10":"shipping-taxable","11":"purchasable","12":"product-type-simple"},"_links":{"self":[{"href":"https:\/\/leyissa.de\/tr\/wp-json\/wp\/v2\/product\/5237","targetHints":{"allow":["GET"]}}],"collection":[{"href":"https:\/\/leyissa.de\/tr\/wp-json\/wp\/v2\/product"}],"about":[{"href":"https:\/\/leyissa.de\/tr\/wp-json\/wp\/v2\/types\/product"}],"wp:featuredmedia":[{"embeddable":true,"href":"https:\/\/leyissa.de\/tr\/wp-json\/wp\/v2\/media\/5238"}],"wp:attachment":[{"href":"https:\/\/leyissa.de\/tr\/wp-json\/wp\/v2\/media?parent=5237"}],"wp:term":[{"taxonomy":"product_cat","embeddable":true,"href":"https:\/\/leyissa.de\/tr\/wp-json\/wp\/v2\/product_cat?post=5237"},{"taxonomy":"product_tag","embeddable":true,"href":"https:\/\/leyissa.de\/tr\/wp-json\/wp\/v2\/product_tag?post=5237"}],"curies":[{"name":"wp","href":"https:\/\/api.w.org\/{rel}","templated":true}]}}