{"id":5224,"date":"2021-07-28T14:51:01","date_gmt":"2021-07-28T12:51:01","guid":{"rendered":"https:\/\/leyissa.de\/?post_type=product&#038;p=5224"},"modified":"2021-08-09T19:52:00","modified_gmt":"2021-08-09T17:52:00","slug":"kristal-sac-bakim-yagi-100ml","status":"publish","type":"product","link":"https:\/\/leyissa.de\/tr\/urun\/kristal-sac-bakim-yagi-100ml\/","title":{"rendered":"KR\u0130STAL SA\u00c7 BAKIM YA\u011eI 100ML"},"content":{"rendered":"<p>LIXPERFECTION CRITALLI FREELIMIX<br \/>\nKR\u0130STAL SA\u00c7 BAKIM YA\u011eI 100ML<br \/>\nF\u0130YATI 25,99\u20ac<br \/>\n%19 KDV DAH\u0130L<br \/>\n+5 \u20ac KARGO \u00dcCRET\u0130 UYGULANIR<\/p>\n","protected":false},"excerpt":{"rendered":"<p>LIXPERFECTION CRITALLI FREELIMIX KR\u0130STAL SA\u00c7 BAKIM YA\u011eI 100ML F\u0130YATI 25,99\u20ac %19 KDV DAH\u0130L +5 \u20ac KARGO \u00dcCRET\u0130 UYGULANIR<\/p>\n","protected":false},"featured_media":5225,"template":"","meta":[],"product_cat":[51],"product_tag":[],"class_list":{"0":"post-5224","1":"product","2":"type-product","3":"status-publish","4":"has-post-thumbnail","6":"product_cat-genel","8":"first","9":"instock","10":"shipping-taxable","11":"purchasable","12":"product-type-simple"},"_links":{"self":[{"href":"https:\/\/leyissa.de\/tr\/wp-json\/wp\/v2\/product\/5224","targetHints":{"allow":["GET"]}}],"collection":[{"href":"https:\/\/leyissa.de\/tr\/wp-json\/wp\/v2\/product"}],"about":[{"href":"https:\/\/leyissa.de\/tr\/wp-json\/wp\/v2\/types\/product"}],"wp:featuredmedia":[{"embeddable":true,"href":"https:\/\/leyissa.de\/tr\/wp-json\/wp\/v2\/media\/5225"}],"wp:attachment":[{"href":"https:\/\/leyissa.de\/tr\/wp-json\/wp\/v2\/media?parent=5224"}],"wp:term":[{"taxonomy":"product_cat","embeddable":true,"href":"https:\/\/leyissa.de\/tr\/wp-json\/wp\/v2\/product_cat?post=5224"},{"taxonomy":"product_tag","embeddable":true,"href":"https:\/\/leyissa.de\/tr\/wp-json\/wp\/v2\/product_tag?post=5224"}],"curies":[{"name":"wp","href":"https:\/\/api.w.org\/{rel}","templated":true}]}}