{"id":5220,"date":"2021-07-28T14:48:14","date_gmt":"2021-07-28T12:48:14","guid":{"rendered":"https:\/\/leyissa.de\/?post_type=product&#038;p=5220"},"modified":"2021-07-28T14:48:15","modified_gmt":"2021-07-28T12:48:15","slug":"tondeo-eco-s","status":"publish","type":"product","link":"https:\/\/leyissa.de\/tr\/urun\/tondeo-eco-s\/","title":{"rendered":"TONDEO ECO S+"},"content":{"rendered":"<p>ENSE TEM\u0130ZLEME MAK\u0130NES\u0130<br \/>\nF\u0130YATI 80\u20ac<br \/>\n%19 KDV DAH\u0130L<br \/>\n+5 \u20ac KARGO \u00dcCRET\u0130 UYGULANIR<\/p>\n","protected":false},"excerpt":{"rendered":"<p>ENSE TEM\u0130ZLEME MAK\u0130NES\u0130 F\u0130YATI 80\u20ac %19 KDV DAH\u0130L +5 \u20ac KARGO \u00dcCRET\u0130 UYGULANIR<\/p>\n","protected":false},"featured_media":5221,"template":"","meta":[],"product_cat":[51],"product_tag":[],"class_list":{"0":"post-5220","1":"product","2":"type-product","3":"status-publish","4":"has-post-thumbnail","6":"product_cat-genel","8":"first","9":"instock","10":"shipping-taxable","11":"purchasable","12":"product-type-simple"},"_links":{"self":[{"href":"https:\/\/leyissa.de\/tr\/wp-json\/wp\/v2\/product\/5220","targetHints":{"allow":["GET"]}}],"collection":[{"href":"https:\/\/leyissa.de\/tr\/wp-json\/wp\/v2\/product"}],"about":[{"href":"https:\/\/leyissa.de\/tr\/wp-json\/wp\/v2\/types\/product"}],"wp:featuredmedia":[{"embeddable":true,"href":"https:\/\/leyissa.de\/tr\/wp-json\/wp\/v2\/media\/5221"}],"wp:attachment":[{"href":"https:\/\/leyissa.de\/tr\/wp-json\/wp\/v2\/media?parent=5220"}],"wp:term":[{"taxonomy":"product_cat","embeddable":true,"href":"https:\/\/leyissa.de\/tr\/wp-json\/wp\/v2\/product_cat?post=5220"},{"taxonomy":"product_tag","embeddable":true,"href":"https:\/\/leyissa.de\/tr\/wp-json\/wp\/v2\/product_tag?post=5220"}],"curies":[{"name":"wp","href":"https:\/\/api.w.org\/{rel}","templated":true}]}}