{"id":5213,"date":"2021-07-28T14:42:13","date_gmt":"2021-07-28T12:42:13","guid":{"rendered":"https:\/\/leyissa.de\/?post_type=product&#038;p=5213"},"modified":"2021-08-09T21:57:32","modified_gmt":"2021-08-09T19:57:32","slug":"turbo-stratos-3800-2400w","status":"publish","type":"product","link":"https:\/\/leyissa.de\/tr\/urun\/turbo-stratos-3800-2400w\/","title":{"rendered":"TURBO STRATOS 3800 2400W"},"content":{"rendered":"<p>PROFESYONEL SA\u00c7 KURUTMA MAK\u0130NES\u0130<br \/>\nF\u0130YATI 75,99\u20ac<br \/>\n%19 KDV DAH\u0130L<br \/>\n+5 \u20ac KARGO \u00dcCRET\u0130 UYGULANIR<\/p>\n","protected":false},"excerpt":{"rendered":"<p>PROFESYONEL SA\u00c7 KURUTMA MAK\u0130NES\u0130 F\u0130YATI 75,99\u20ac %19 KDV DAH\u0130L +5 \u20ac KARGO \u00dcCRET\u0130 UYGULANIR<\/p>\n","protected":false},"featured_media":5215,"template":"","meta":[],"product_cat":[51],"product_tag":[],"class_list":{"0":"post-5213","1":"product","2":"type-product","3":"status-publish","4":"has-post-thumbnail","6":"product_cat-genel","8":"first","9":"instock","10":"shipping-taxable","11":"purchasable","12":"product-type-simple"},"_links":{"self":[{"href":"https:\/\/leyissa.de\/tr\/wp-json\/wp\/v2\/product\/5213","targetHints":{"allow":["GET"]}}],"collection":[{"href":"https:\/\/leyissa.de\/tr\/wp-json\/wp\/v2\/product"}],"about":[{"href":"https:\/\/leyissa.de\/tr\/wp-json\/wp\/v2\/types\/product"}],"wp:featuredmedia":[{"embeddable":true,"href":"https:\/\/leyissa.de\/tr\/wp-json\/wp\/v2\/media\/5215"}],"wp:attachment":[{"href":"https:\/\/leyissa.de\/tr\/wp-json\/wp\/v2\/media?parent=5213"}],"wp:term":[{"taxonomy":"product_cat","embeddable":true,"href":"https:\/\/leyissa.de\/tr\/wp-json\/wp\/v2\/product_cat?post=5213"},{"taxonomy":"product_tag","embeddable":true,"href":"https:\/\/leyissa.de\/tr\/wp-json\/wp\/v2\/product_tag?post=5213"}],"curies":[{"name":"wp","href":"https:\/\/api.w.org\/{rel}","templated":true}]}}