{"id":5210,"date":"2021-07-28T14:35:56","date_gmt":"2021-07-28T12:35:56","guid":{"rendered":"https:\/\/leyissa.de\/?post_type=product&#038;p=5210"},"modified":"2021-08-09T21:57:00","modified_gmt":"2021-08-09T19:57:00","slug":"bien-cacau-brezilya-puruzsuzlestirici-sistemi","status":"publish","type":"product","link":"https:\/\/leyissa.de\/tr\/urun\/bien-cacau-brezilya-puruzsuzlestirici-sistemi\/","title":{"rendered":"BIEN CACAU BREZ\u0130LYA P\u00dcR\u00dcZS\u00dcZLE\u015eT\u0130R\u0130C\u0130 S\u0130STEM\u0130"},"content":{"rendered":"<p>BIEN CACAU BREZ\u0130LYA P\u00dcR\u00dcZS\u00dcZLE\u015eT\u0130R\u0130C\u0130 S\u0130STEM\u0130<br \/>\n1 \u015eAMPUAN 1000ml<br \/>\n2 KERAT\u0130N 1000ml<br \/>\n3 MASKE 1000ML<br \/>\nSET F\u0130YATI 250\u20ac<br \/>\n%19 KDV DAH\u0130L<br \/>\n+5 \u20ac KARGO \u00dcCRET\u0130 UYGULANIR<\/p>\n","protected":false},"excerpt":{"rendered":"<p>BIEN CACAU BREZ\u0130LYA P\u00dcR\u00dcZS\u00dcZLE\u015eT\u0130R\u0130C\u0130 S\u0130STEM\u0130 1 \u015eAMPUAN 1000ml 2 KERAT\u0130N 1000ml 3 MASKE 1000ML SET F\u0130YATI 250\u20ac %19 KDV DAH\u0130L +5 \u20ac KARGO \u00dcCRET\u0130 UYGULANIR<\/p>\n","protected":false},"featured_media":5247,"template":"","meta":[],"product_cat":[51],"product_tag":[],"class_list":{"0":"post-5210","1":"product","2":"type-product","3":"status-publish","4":"has-post-thumbnail","6":"product_cat-genel","8":"first","9":"instock","10":"shipping-taxable","11":"purchasable","12":"product-type-simple"},"_links":{"self":[{"href":"https:\/\/leyissa.de\/tr\/wp-json\/wp\/v2\/product\/5210","targetHints":{"allow":["GET"]}}],"collection":[{"href":"https:\/\/leyissa.de\/tr\/wp-json\/wp\/v2\/product"}],"about":[{"href":"https:\/\/leyissa.de\/tr\/wp-json\/wp\/v2\/types\/product"}],"wp:featuredmedia":[{"embeddable":true,"href":"https:\/\/leyissa.de\/tr\/wp-json\/wp\/v2\/media\/5247"}],"wp:attachment":[{"href":"https:\/\/leyissa.de\/tr\/wp-json\/wp\/v2\/media?parent=5210"}],"wp:term":[{"taxonomy":"product_cat","embeddable":true,"href":"https:\/\/leyissa.de\/tr\/wp-json\/wp\/v2\/product_cat?post=5210"},{"taxonomy":"product_tag","embeddable":true,"href":"https:\/\/leyissa.de\/tr\/wp-json\/wp\/v2\/product_tag?post=5210"}],"curies":[{"name":"wp","href":"https:\/\/api.w.org\/{rel}","templated":true}]}}