{"id":5204,"date":"2021-07-28T14:28:01","date_gmt":"2021-07-28T12:28:01","guid":{"rendered":"https:\/\/leyissa.de\/?post_type=product&#038;p=5204"},"modified":"2021-08-09T21:56:13","modified_gmt":"2021-08-09T19:56:13","slug":"ozel-extensions-mikro-kaynak-sac-tane","status":"publish","type":"product","link":"https:\/\/leyissa.de\/tr\/urun\/ozel-extensions-mikro-kaynak-sac-tane\/","title":{"rendered":"\u00d6ZEL EXTENSIONS M\u0130KRO KAYNAK SA\u00c7 TANE"},"content":{"rendered":"<p>\u00d6ZEL EXTENSIONS M\u0130KRO KAYNAK SAC TANE<br \/>\n55CM ILE 65 CM<br \/>\nA\u00c7IK SARI, OMREL\u0130 SA\u00c7, KOYU RENKLER VE PLAT\u0130N SA\u00c7LAR<br \/>\nF\u0130YATI 2,99\u20ac<br \/>\n%19 KDV DAH\u0130L<br \/>\n+5 \u20ac KARGO \u00dcCRET\u0130 UYGULANIR<\/p>\n","protected":false},"excerpt":{"rendered":"<p>\u00d6ZEL EXTENSIONS M\u0130KRO KAYNAK SAC TANE 55CM ILE 65 CM A\u00c7IK SARI, OMREL\u0130 SA\u00c7, KOYU RENKLER VE PLAT\u0130N SA\u00c7LAR F\u0130YATI 2,99\u20ac %19 KDV DAH\u0130L +5 \u20ac KARGO \u00dcCRET\u0130 UYGULANIR<\/p>\n","protected":false},"featured_media":5205,"template":"","meta":[],"product_cat":[51],"product_tag":[],"class_list":{"0":"post-5204","1":"product","2":"type-product","3":"status-publish","4":"has-post-thumbnail","6":"product_cat-genel","8":"first","9":"instock","10":"shipping-taxable","11":"purchasable","12":"product-type-simple"},"_links":{"self":[{"href":"https:\/\/leyissa.de\/tr\/wp-json\/wp\/v2\/product\/5204","targetHints":{"allow":["GET"]}}],"collection":[{"href":"https:\/\/leyissa.de\/tr\/wp-json\/wp\/v2\/product"}],"about":[{"href":"https:\/\/leyissa.de\/tr\/wp-json\/wp\/v2\/types\/product"}],"wp:featuredmedia":[{"embeddable":true,"href":"https:\/\/leyissa.de\/tr\/wp-json\/wp\/v2\/media\/5205"}],"wp:attachment":[{"href":"https:\/\/leyissa.de\/tr\/wp-json\/wp\/v2\/media?parent=5204"}],"wp:term":[{"taxonomy":"product_cat","embeddable":true,"href":"https:\/\/leyissa.de\/tr\/wp-json\/wp\/v2\/product_cat?post=5204"},{"taxonomy":"product_tag","embeddable":true,"href":"https:\/\/leyissa.de\/tr\/wp-json\/wp\/v2\/product_tag?post=5204"}],"curies":[{"name":"wp","href":"https:\/\/api.w.org\/{rel}","templated":true}]}}