{"id":5201,"date":"2021-07-28T14:26:46","date_gmt":"2021-07-28T12:26:46","guid":{"rendered":"https:\/\/leyissa.de\/?post_type=product&#038;p=5201"},"modified":"2021-08-09T21:50:09","modified_gmt":"2021-08-09T19:50:09","slug":"keratin-boncuk-kaynak-icin-100gr","status":"publish","type":"product","link":"https:\/\/leyissa.de\/tr\/urun\/keratin-boncuk-kaynak-icin-100gr\/","title":{"rendered":"KEST\u0130N BONCUK KAYNAK \u0130\u00c7\u0130N 100gr"},"content":{"rendered":"<p>KEST\u0130N BONCUK KAYNAK \u0130\u00c7\u0130N 100gr<br \/>\nF\u0130YATI 18,99\u20ac<br \/>\n%19 KDV DAH\u0130L<br \/>\n+5 \u20ac KARGO \u00dcCRET\u0130 UYGULANIR<\/p>\n","protected":false},"excerpt":{"rendered":"<p>KEST\u0130N BONCUK KAYNAK \u0130\u00c7\u0130N 100gr F\u0130YATI 18,99\u20ac %19 KDV DAH\u0130L +5 \u20ac KARGO \u00dcCRET\u0130 UYGULANIR<\/p>\n","protected":false},"featured_media":5465,"template":"","meta":[],"product_cat":[51],"product_tag":[],"class_list":{"0":"post-5201","1":"product","2":"type-product","3":"status-publish","4":"has-post-thumbnail","6":"product_cat-genel","8":"first","9":"instock","10":"shipping-taxable","11":"purchasable","12":"product-type-simple"},"_links":{"self":[{"href":"https:\/\/leyissa.de\/tr\/wp-json\/wp\/v2\/product\/5201","targetHints":{"allow":["GET"]}}],"collection":[{"href":"https:\/\/leyissa.de\/tr\/wp-json\/wp\/v2\/product"}],"about":[{"href":"https:\/\/leyissa.de\/tr\/wp-json\/wp\/v2\/types\/product"}],"wp:featuredmedia":[{"embeddable":true,"href":"https:\/\/leyissa.de\/tr\/wp-json\/wp\/v2\/media\/5465"}],"wp:attachment":[{"href":"https:\/\/leyissa.de\/tr\/wp-json\/wp\/v2\/media?parent=5201"}],"wp:term":[{"taxonomy":"product_cat","embeddable":true,"href":"https:\/\/leyissa.de\/tr\/wp-json\/wp\/v2\/product_cat?post=5201"},{"taxonomy":"product_tag","embeddable":true,"href":"https:\/\/leyissa.de\/tr\/wp-json\/wp\/v2\/product_tag?post=5201"}],"curies":[{"name":"wp","href":"https:\/\/api.w.org\/{rel}","templated":true}]}}