{"id":5198,"date":"2021-07-28T14:25:09","date_gmt":"2021-07-28T12:25:09","guid":{"rendered":"https:\/\/leyissa.de\/?post_type=product&#038;p=5198"},"modified":"2021-08-09T21:49:33","modified_gmt":"2021-08-09T19:49:33","slug":"yuzde100-gercek-sac","status":"publish","type":"product","link":"https:\/\/leyissa.de\/tr\/urun\/yuzde100-gercek-sac\/","title":{"rendered":"%100 GER\u00c7EK SA\u00c7"},"content":{"rendered":"<p>%100 GER\u00c7EK SA\u00c7<br \/>\nEN Y\u00dcKSEK KAL\u0130TE SINIFINDA<br \/>\n100GR VE 50CM<br \/>\nSARI, KARAMEL, KOYU RENKLERDE SA\u00c7LAR \u00c7IT \u00c7IT<br \/>\nF\u0130YATI 240\u20ac<br \/>\n%19 KDV DAH\u0130L<br \/>\n+5 \u20ac KARGO \u00dcCRET\u0130 UYGULANIR<\/p>\n","protected":false},"excerpt":{"rendered":"<p>%100 GER\u00c7EK SA\u00c7 EN Y\u00dcKSEK KAL\u0130TE SINIFINDA 100GR VE 50CM SARI, KARAMEL, KOYU RENKLERDE SA\u00c7LAR \u00c7IT \u00c7IT F\u0130YATI 240\u20ac %19 KDV DAH\u0130L +5 \u20ac KARGO \u00dcCRET\u0130 UYGULANIR<\/p>\n","protected":false},"featured_media":5199,"template":"","meta":[],"product_cat":[51],"product_tag":[],"class_list":{"0":"post-5198","1":"product","2":"type-product","3":"status-publish","4":"has-post-thumbnail","6":"product_cat-genel","8":"first","9":"instock","10":"shipping-taxable","11":"purchasable","12":"product-type-simple"},"_links":{"self":[{"href":"https:\/\/leyissa.de\/tr\/wp-json\/wp\/v2\/product\/5198","targetHints":{"allow":["GET"]}}],"collection":[{"href":"https:\/\/leyissa.de\/tr\/wp-json\/wp\/v2\/product"}],"about":[{"href":"https:\/\/leyissa.de\/tr\/wp-json\/wp\/v2\/types\/product"}],"wp:featuredmedia":[{"embeddable":true,"href":"https:\/\/leyissa.de\/tr\/wp-json\/wp\/v2\/media\/5199"}],"wp:attachment":[{"href":"https:\/\/leyissa.de\/tr\/wp-json\/wp\/v2\/media?parent=5198"}],"wp:term":[{"taxonomy":"product_cat","embeddable":true,"href":"https:\/\/leyissa.de\/tr\/wp-json\/wp\/v2\/product_cat?post=5198"},{"taxonomy":"product_tag","embeddable":true,"href":"https:\/\/leyissa.de\/tr\/wp-json\/wp\/v2\/product_tag?post=5198"}],"curies":[{"name":"wp","href":"https:\/\/api.w.org\/{rel}","templated":true}]}}