{"id":5701,"date":"2021-09-14T00:13:07","date_gmt":"2021-09-13T22:13:07","guid":{"rendered":"https:\/\/leyissa.de\/?page_id=5701"},"modified":"2021-09-14T00:28:34","modified_gmt":"2021-09-13T22:28:34","slug":"antijen-test-formu","status":"publish","type":"page","link":"https:\/\/leyissa.de\/tr\/antijen-test-formu\/","title":{"rendered":"Antijen Test Formu"},"content":{"rendered":"<div class=\"wpforms-container wpforms-container-full\" id=\"wpforms-5697\"><form id=\"wpforms-form-5697\" class=\"wpforms-validate wpforms-form\" data-formid=\"5697\" method=\"post\" enctype=\"multipart\/form-data\" action=\"\/tr\/wp-json\/wp\/v2\/pages\/5701\" data-token=\"926b125d3f8d3c8af69be03e07f074b1\"><noscript class=\"wpforms-error-noscript\">Bu formu bitirebilmek i\u00e7in taray\u0131c\u0131n\u0131zda JavaScript&#039;i etkinle\u015ftirin.<\/noscript><div class=\"wpforms-field-container\"><div id=\"wpforms-5697-field_9-container\" class=\"wpforms-field wpforms-field-html\" data-field-id=\"9\"><div id=\"wpforms-5697-field_9\"><h2>Pozitif veya Negatif antijen testinin varl\u0131\u011f\u0131na dair belge<\/h2>\r\nSars-cov2 vir\u00fcs\u00fcn\u00fcn tespiti i\u00e7in g\u00f6zetim alt\u0131nda kendi kendine test.<\/div><\/div><div id=\"wpforms-5697-field_17-container\" class=\"wpforms-field wpforms-field-divider\" data-field-id=\"17\"><h3 id=\"wpforms-5697-field_17\" name=\"wpforms[fields][17]\">Test Olan Ki\u015fi<\/h3><\/div><div id=\"wpforms-5697-field_0-container\" class=\"wpforms-field wpforms-field-name\" data-field-id=\"0\"><label class=\"wpforms-field-label\" for=\"wpforms-5697-field_0\">Ad\u0131 Soyad\u0131 <span class=\"wpforms-required-label\">*<\/span><\/label><input type=\"text\" id=\"wpforms-5697-field_0\" class=\"wpforms-field-medium wpforms-field-required\" name=\"wpforms[fields][0]\" required><\/div><div id=\"wpforms-5697-field_19-container\" class=\"wpforms-field wpforms-field-phone\" data-field-id=\"19\"><label class=\"wpforms-field-label\" for=\"wpforms-5697-field_19\">Telefon<\/label><input type=\"tel\" id=\"wpforms-5697-field_19\" class=\"wpforms-field-medium wpforms-smart-phone-field\" data-rule-smart-phone-field=\"true\" name=\"wpforms[fields][19]\" ><\/div><div id=\"wpforms-5697-field_1-container\" class=\"wpforms-field wpforms-field-email\" data-field-id=\"1\"><label class=\"wpforms-field-label\" for=\"wpforms-5697-field_1\">E-posta adresi <span class=\"wpforms-required-label\">*<\/span><\/label><input type=\"email\" id=\"wpforms-5697-field_1\" class=\"wpforms-field-medium wpforms-field-required\" name=\"wpforms[fields][1]\" spellcheck=\"false\" required><div class=\"wpforms-field-description\">Please enter your email, so we can follow up with you.<\/div><\/div><div id=\"wpforms-5697-field_4-container\" class=\"wpforms-field wpforms-field-textarea\" data-field-id=\"4\"><label class=\"wpforms-field-label\" for=\"wpforms-5697-field_4\">Adres <span class=\"wpforms-required-label\">*<\/span><\/label><textarea id=\"wpforms-5697-field_4\" class=\"wpforms-field-medium wpforms-field-required\" name=\"wpforms[fields][4]\" required><\/textarea><\/div><div id=\"wpforms-5697-field_11-container\" class=\"wpforms-field wpforms-field-date-time\" data-field-id=\"11\"><label class=\"wpforms-field-label\" for=\"wpforms-5697-field_11\">Do\u011fum Tarihi <span class=\"wpforms-required-label\">*<\/span><\/label><div class=\"wpforms-field-date-dropdown-wrap wpforms-field-medium\"><select name=\"wpforms[fields][11][date][d]\" id=\"wpforms-5697-field_11-day\" class=\"wpforms-field-date-time-date-day wpforms-field-required\"  required><option value=\"\" class=\"placeholder\" selected disabled>DD<\/option><option value=\"1\" >1<\/option><option value=\"2\" >2<\/option><option value=\"3\" >3<\/option><option value=\"4\" >4<\/option><option value=\"5\" >5<\/option><option value=\"6\" >6<\/option><option value=\"7\" >7<\/option><option value=\"8\" >8<\/option><option value=\"9\" >9<\/option><option value=\"10\" >10<\/option><option value=\"11\" >11<\/option><option value=\"12\" >12<\/option><option value=\"13\" >13<\/option><option value=\"14\" >14<\/option><option value=\"15\" >15<\/option><option value=\"16\" >16<\/option><option value=\"17\" >17<\/option><option value=\"18\" >18<\/option><option value=\"19\" >19<\/option><option value=\"20\" >20<\/option><option value=\"21\" >21<\/option><option value=\"22\" >22<\/option><option value=\"23\" >23<\/option><option value=\"24\" >24<\/option><option value=\"25\" >25<\/option><option value=\"26\" >26<\/option><option value=\"27\" >27<\/option><option value=\"28\" >28<\/option><option value=\"29\" >29<\/option><option value=\"30\" >30<\/option><option value=\"31\" >31<\/option><\/select><select name=\"wpforms[fields][11][date][m]\" id=\"wpforms-5697-field_11-month\" class=\"wpforms-field-date-time-date-month wpforms-field-required\"  required><option value=\"\" class=\"placeholder\" selected disabled>MM<\/option><option value=\"1\" >1<\/option><option value=\"2\" >2<\/option><option value=\"3\" >3<\/option><option value=\"4\" >4<\/option><option value=\"5\" >5<\/option><option value=\"6\" >6<\/option><option value=\"7\" >7<\/option><option value=\"8\" >8<\/option><option value=\"9\" >9<\/option><option value=\"10\" >10<\/option><option value=\"11\" >11<\/option><option value=\"12\" >12<\/option><\/select><select name=\"wpforms[fields][11][date][y]\" id=\"wpforms-5697-field_11-year\" class=\"wpforms-field-date-time-date-year wpforms-field-required\"  required><option value=\"\" class=\"placeholder\" selected disabled>YYYY<\/option><option value=\"2026\" >2026<\/option><option value=\"2025\" >2025<\/option><option value=\"2024\" >2024<\/option><option value=\"2023\" >2023<\/option><option value=\"2022\" >2022<\/option><option value=\"2021\" >2021<\/option><option value=\"2020\" >2020<\/option><option value=\"2019\" >2019<\/option><option value=\"2018\" >2018<\/option><option value=\"2017\" >2017<\/option><option value=\"2016\" >2016<\/option><option value=\"2015\" >2015<\/option><option value=\"2014\" >2014<\/option><option value=\"2013\" >2013<\/option><option value=\"2012\" >2012<\/option><option value=\"2011\" >2011<\/option><option value=\"2010\" >2010<\/option><option value=\"2009\" >2009<\/option><option value=\"2008\" >2008<\/option><option value=\"2007\" >2007<\/option><option value=\"2006\" >2006<\/option><option value=\"2005\" >2005<\/option><option value=\"2004\" >2004<\/option><option value=\"2003\" >2003<\/option><option value=\"2002\" >2002<\/option><option value=\"2001\" >2001<\/option><option value=\"2000\" >2000<\/option><option value=\"1999\" >1999<\/option><option value=\"1998\" >1998<\/option><option value=\"1997\" >1997<\/option><option value=\"1996\" >1996<\/option><option value=\"1995\" >1995<\/option><option value=\"1994\" >1994<\/option><option value=\"1993\" >1993<\/option><option value=\"1992\" >1992<\/option><option value=\"1991\" >1991<\/option><option value=\"1990\" >1990<\/option><option value=\"1989\" >1989<\/option><option value=\"1988\" >1988<\/option><option value=\"1987\" >1987<\/option><option value=\"1986\" >1986<\/option><option value=\"1985\" >1985<\/option><option value=\"1984\" >1984<\/option><option value=\"1983\" >1983<\/option><option value=\"1982\" >1982<\/option><option value=\"1981\" >1981<\/option><option value=\"1980\" >1980<\/option><option value=\"1979\" >1979<\/option><option value=\"1978\" >1978<\/option><option value=\"1977\" >1977<\/option><option value=\"1976\" >1976<\/option><option value=\"1975\" >1975<\/option><option value=\"1974\" >1974<\/option><option value=\"1973\" >1973<\/option><option value=\"1972\" >1972<\/option><option value=\"1971\" >1971<\/option><option value=\"1970\" >1970<\/option><option value=\"1969\" >1969<\/option><option value=\"1968\" >1968<\/option><option value=\"1967\" >1967<\/option><option value=\"1966\" >1966<\/option><option value=\"1965\" >1965<\/option><option value=\"1964\" >1964<\/option><option value=\"1963\" >1963<\/option><option value=\"1962\" >1962<\/option><option value=\"1961\" >1961<\/option><option value=\"1960\" >1960<\/option><option value=\"1959\" >1959<\/option><option value=\"1958\" >1958<\/option><option value=\"1957\" >1957<\/option><option value=\"1956\" >1956<\/option><option value=\"1955\" >1955<\/option><option value=\"1954\" >1954<\/option><option value=\"1953\" >1953<\/option><option value=\"1952\" >1952<\/option><option value=\"1951\" >1951<\/option><option value=\"1950\" >1950<\/option><option value=\"1949\" >1949<\/option><option value=\"1948\" >1948<\/option><option value=\"1947\" >1947<\/option><option value=\"1946\" >1946<\/option><option value=\"1945\" >1945<\/option><option value=\"1944\" >1944<\/option><option value=\"1943\" >1943<\/option><option value=\"1942\" >1942<\/option><option value=\"1941\" >1941<\/option><option value=\"1940\" >1940<\/option><option value=\"1939\" >1939<\/option><option value=\"1938\" >1938<\/option><option value=\"1937\" >1937<\/option><option value=\"1936\" >1936<\/option><option value=\"1935\" >1935<\/option><option value=\"1934\" >1934<\/option><option value=\"1933\" >1933<\/option><option value=\"1932\" >1932<\/option><option value=\"1931\" >1931<\/option><option value=\"1930\" >1930<\/option><option value=\"1929\" >1929<\/option><option value=\"1928\" >1928<\/option><option value=\"1927\" >1927<\/option><option value=\"1926\" >1926<\/option><option value=\"1925\" >1925<\/option><option value=\"1924\" >1924<\/option><option value=\"1923\" >1923<\/option><option value=\"1922\" >1922<\/option><option value=\"1921\" >1921<\/option><option value=\"1920\" >1920<\/option><\/select><\/div><\/div><div id=\"wpforms-5697-field_18-container\" class=\"wpforms-field wpforms-field-divider\" data-field-id=\"18\"><h3 id=\"wpforms-5697-field_18\" name=\"wpforms[fields][18]\">Antijen - H\u0131zl\u0131 Test (Kendi kendine test)<\/h3><\/div><div id=\"wpforms-5697-field_12-container\" class=\"wpforms-field wpforms-field-text\" data-field-id=\"12\"><label class=\"wpforms-field-label\" for=\"wpforms-5697-field_12\">Testin ad\u0131:<\/label><input type=\"text\" id=\"wpforms-5697-field_12\" class=\"wpforms-field-medium\" name=\"wpforms[fields][12]\" ><\/div><div id=\"wpforms-5697-field_13-container\" class=\"wpforms-field wpforms-field-text\" data-field-id=\"13\"><label class=\"wpforms-field-label\" for=\"wpforms-5697-field_13\">Hangi Firma<\/label><input type=\"text\" id=\"wpforms-5697-field_13\" class=\"wpforms-field-medium\" name=\"wpforms[fields][13]\" ><\/div><div id=\"wpforms-5697-field_14-container\" class=\"wpforms-field wpforms-field-date-time\" data-field-id=\"14\"><label class=\"wpforms-field-label\" for=\"wpforms-5697-field_14\">Tarih ve Saat<\/label><div class=\"wpforms-field-row wpforms-field-small\"><div class=\"wpforms-field-row-block wpforms-date-type-datepicker\"><div class=\"wpforms-datepicker-wrap\"><input type=\"text\" id=\"wpforms-5697-field_14\" class=\"wpforms-field-date-time-date wpforms-datepicker\" data-date-format=\"m\/d\/Y\" data-disable-past-dates=\"0\" data-input=\"true\" name=\"wpforms[fields][14][date]\" placeholder=\"tarih\" ><a title=\"Clear Date\" data-clear class=\"wpforms-datepicker-clear\" style=\"display:none;\"><\/a><\/div><label for=\"wpforms-5697-field_14\" class=\"wpforms-field-sublabel after wpforms-sublabel-hide\">Date<\/label><\/div><div class=\"wpforms-field-row-block\"><input type=\"text\" id=\"wpforms-5697-field_14-time\" class=\"wpforms-field-date-time-time wpforms-timepicker\" data-time-format=\"g:i A\" data-step=\"30\" data-rule-time12h=\"true\" name=\"wpforms[fields][14][time]\" placeholder=\"saat\" ><label for=\"wpforms-5697-field_14-time\" class=\"wpforms-field-sublabel after wpforms-sublabel-hide\">Time<\/label><\/div><\/div><\/div><div id=\"wpforms-5697-field_15-container\" class=\"wpforms-field wpforms-field-name\" data-field-id=\"15\"><label class=\"wpforms-field-label\" for=\"wpforms-5697-field_15\">Testi Yapan Ki\u015finin Ad\u0131 <span class=\"wpforms-required-label\">*<\/span><\/label><input type=\"text\" id=\"wpforms-5697-field_15\" class=\"wpforms-field-medium wpforms-field-required\" name=\"wpforms[fields][15]\" required><\/div><div id=\"wpforms-5697-field_16-container\" class=\"wpforms-field wpforms-field-radio\" data-field-id=\"16\"><label class=\"wpforms-field-label\" for=\"wpforms-5697-field_16\">Test Sonu\u00e7lar\u0131 <span class=\"wpforms-required-label\">*<\/span><\/label><ul id=\"wpforms-5697-field_16\" class=\"wpforms-field-required\"><li class=\"choice-1 depth-1\"><input type=\"radio\" id=\"wpforms-5697-field_16_1\" name=\"wpforms[fields][16]\" value=\"Pozitif\" required ><label class=\"wpforms-field-label-inline\" for=\"wpforms-5697-field_16_1\">Pozitif<\/label><\/li><li class=\"choice-2 depth-1\"><input type=\"radio\" id=\"wpforms-5697-field_16_2\" name=\"wpforms[fields][16]\" value=\"Negatif\" required ><label class=\"wpforms-field-label-inline\" for=\"wpforms-5697-field_16_2\">Negatif<\/label><\/li><\/ul><\/div><\/div><!-- .wpforms-field-container --><div class=\"wpforms-submit-container\" ><input type=\"hidden\" name=\"wpforms[id]\" value=\"5697\"><input type=\"hidden\" name=\"wpforms[author]\" value=\"1\"><button type=\"submit\" name=\"wpforms[submit]\" id=\"wpforms-submit-5697\" class=\"wpforms-submit\" data-alt-text=\"G\u00f6nderiliyor...\" data-submit-text=\"G\u00f6nder\" aria-live=\"assertive\" value=\"wpforms-submit\">G\u00f6nder<\/button><\/div><\/form><\/div>  <!-- .wpforms-container -->\n","protected":false},"excerpt":{"rendered":"Bu formu bitirebilmek i\u00e7in taray\u0131c\u0131n\u0131zda JavaScript&#039;i etkinle\u015ftirin.Pozitif veya Negatif antijen testinin varl\u0131\u011f\u0131na dair belge Sars-cov2 vir\u00fcs\u00fcn\u00fcn tespiti i\u00e7in g\u00f6zetim alt\u0131nda kendi kendine test.Test Olan Ki\u015fiAd\u0131 Soyad\u0131 *TelefonE-posta adresi *Please enter your email, so we can follow up with you.Adres *Do\u011fum Tarihi *DD12345678910111213141516171819202122232425262728293031MM123456789101112YYYY20262025202420232022202120202019201820172016201520142013201220112010200920082007200620052004200320022001200019991998199719961995199419931992199119901989198819871986198519841983198219811980197919781977197619751974197319721971197019691968196719661965196419631962196119601959195819571956195519541953195219511950194919481947194619451944194319421941194019391938193719361935193419331932193119301929192819271926192519241923192219211920Antijen - H\u0131zl\u0131 Test (Kendi kendine test)Testin ad\u0131:Hangi FirmaTarih [...]","protected":false},"author":1,"featured_media":0,"parent":0,"menu_order":0,"comment_status":"closed","ping_status":"closed","template":"","meta":{"footnotes":""},"class_list":["post-5701","page","type-page","status-publish","hentry"],"_links":{"self":[{"href":"https:\/\/leyissa.de\/tr\/wp-json\/wp\/v2\/pages\/5701","targetHints":{"allow":["GET"]}}],"collection":[{"href":"https:\/\/leyissa.de\/tr\/wp-json\/wp\/v2\/pages"}],"about":[{"href":"https:\/\/leyissa.de\/tr\/wp-json\/wp\/v2\/types\/page"}],"author":[{"embeddable":true,"href":"https:\/\/leyissa.de\/tr\/wp-json\/wp\/v2\/users\/1"}],"replies":[{"embeddable":true,"href":"https:\/\/leyissa.de\/tr\/wp-json\/wp\/v2\/comments?post=5701"}],"version-history":[{"count":1,"href":"https:\/\/leyissa.de\/tr\/wp-json\/wp\/v2\/pages\/5701\/revisions"}],"predecessor-version":[{"id":5702,"href":"https:\/\/leyissa.de\/tr\/wp-json\/wp\/v2\/pages\/5701\/revisions\/5702"}],"wp:attachment":[{"href":"https:\/\/leyissa.de\/tr\/wp-json\/wp\/v2\/media?parent=5701"}],"curies":[{"name":"wp","href":"https:\/\/api.w.org\/{rel}","templated":true}]}}