{"id":477,"date":"2017-06-27T10:38:47","date_gmt":"2017-06-27T08:38:47","guid":{"rendered":"http:\/\/www.beta.dev\/about-us-1\/"},"modified":"2021-09-18T01:27:54","modified_gmt":"2021-09-17T23:27:54","slug":"hakkimizda","status":"publish","type":"page","link":"https:\/\/leyissa.de\/tr\/hakkimizda\/","title":{"rendered":"Hakk\u0131m\u0131zda"},"content":{"rendered":"<div class=\"wpb-content-wrapper\"><p>[vc_row full_width=&#8221;stretch_row&#8221; content_placement=&#8221;top&#8221; css=&#8221;.vc_custom_1565471867066{background-position: center !important;background-repeat: no-repeat !important;background-size: contain !important;}&#8221;][vc_column offset=&#8221;vc_col-lg-6 vc_col-md-6 vc_hidden-sm vc_hidden-xs&#8221; css=&#8221;.vc_custom_1564926837541{padding-top: 0px !important;}&#8221;]<div style=\"margin:0px 0px 70px 0px;\" class=\"special-heading\">\r\n\t\t\t\t\t<h1 class=\"main-heading\" style=\"font-size:45px; font-weight:400; line-height:65px; text-align:left; text-transform:uppercase; color:#000;\">LEY\u0130SSA KUAF\u00d6R &amp; KOZMET\u0130K SALONUNA HO\u015e GELD\u0130N\u0130Z...<\/h1>\r\n\t\t\t\t\t<div class=\"heading-sep left-pos\" style=\"background-color:#000;\"><\/div>\r\n\t\t\t\t<\/div>[\/vc_column][vc_column offset=&#8221;vc_col-lg-6 vc_col-md-6 vc_hidden-sm vc_col-xs-12 vc_hidden-xs&#8221; css=&#8221;.vc_custom_1627482379816{padding-top: 0px !important;}&#8221;]<div style=\"margin:0px 0px 40px 0px;\" class=\"special-text\">\r\n\t\t\t\t\t<p style=\"font-size:14px !important; font-weight:400; line-height:28px; letter-spacing:0.2px; text-align:left; color:#737373;\">\u0130\u015fletmemiz 20 y\u0131ld\u0131r Berlin\u2019in en g\u00f6zde caddelerinden biri olan Potsdamer Stra\u00dfe adresinde ana cadde \u00fczerinde hizmet vermektedir. 2001 y\u0131l\u0131ndan itibaren siz sevgili misafirlerimize en profesyonel kadro ve en kaliteli \u00fcr\u00fcnler le do\u011fru hizmet d\u00fcr\u00fcst bir servis alg\u0131s\u0131yla hizmet vermek i\u00e7in \u00e7al\u0131\u015fmaktay\u0131z. M\u00fc\u015fterilerimizden gelen istekler \u00fczerine kozmetik \u00fcr\u00fcnler sat\u0131n alabilece\u011finiz online sat\u0131\u015f b\u00f6l\u00fcm\u00fcm\u00fcz\u00fc olu\u015fturduk. Geni\u015f hizmet yelpazemizde sa\u00e7, cilt, t\u0131rnak, el ayak bran\u015flar\u0131nda uzman e\u011fitimli ve sertifikal\u0131 kadromuzla hizmet vermeye devam ediyoruz. B\u00fcnyemizde ayn\u0131 zamanda Solarium, Lazer Epilasyon (IPL), Cilt Bak\u0131m\u0131, Permanent, Ka\u00e7, A\u011fda gibi t\u00fcm bak\u0131m i\u015flemlerinizi yapt\u0131rabilirsiniz. Telefonla ve online olarak randevunuzu olu\u015fturabilirsiniz.<\/p>\r\n\t\t\t\t<\/div><div class=\"droplet-btn text-left\">\r\n\t\t\t\t\t<a href=\"https:\/\/leyissa.de\/tr\/online-randevu\/\" target=\"_self\" class=\"btn \" style=\"background-color:#000; color:#fff\">\u015eimdi Rezervasyon Yap<\/a>\r\n\t\t\t\t<\/div>[\/vc_column][\/vc_row][vc_row css=&#8221;.vc_custom_1627482705350{margin-top: 0px !important;padding-top: 0px !important;}&#8221;][vc_column offset=&#8221;vc_hidden-lg vc_hidden-md&#8221;]<div style=\"margin:0px 0px 70px 0px;\" class=\"special-heading\">\r\n\t\t\t\t\t<h1 class=\"main-heading\" style=\"font-size:10; font-weight:400; line-height:65px; text-align:left; text-transform:none; color:#000;\">Leyissa Kuaf\u00f6r &amp; Kozmetik Salonuna Ho\u015f Geldiniz...<\/h1>\r\n\t\t\t\t\t<div class=\"heading-sep left-pos\" style=\"background-color:#000;\"><\/div>\r\n\t\t\t\t<\/div><div style=\"margin:0px 0px 40px 0px;\" class=\"special-text\">\r\n\t\t\t\t\t<p style=\"font-size:14px !important; font-weight:400; line-height:28px; letter-spacing:0.2px; text-align:left; color:#737373;\">\u0130\u015fletmemiz 20 y\u0131ld\u0131r Berlin\u2019in en g\u00f6zde caddelerinden biri olan Potsdamer Stra\u00dfe adresinde ana cadde \u00fczerinde hizmet vermektedir. 2001 y\u0131l\u0131ndan itibaren siz sevgili misafirlerimize en profesyonel kadro ve en kaliteli \u00fcr\u00fcnler le do\u011fru hizmet d\u00fcr\u00fcst bir servis alg\u0131s\u0131yla hizmet vermek i\u00e7in \u00e7al\u0131\u015fmaktay\u0131z. M\u00fc\u015fterilerimizden gelen istekler \u00fczerine kozmetik \u00fcr\u00fcnler sat\u0131n alabilece\u011finiz online sat\u0131\u015f b\u00f6l\u00fcm\u00fcm\u00fcz\u00fc olu\u015fturduk. Geni\u015f hizmet yelpazemizde sa\u00e7, cilt, t\u0131rnak, el ayak bran\u015flar\u0131nda uzman e\u011fitimli ve sertifikal\u0131 kadromuzla hizmet vermeye devam ediyoruz. B\u00fcnyemizde ayn\u0131 zamanda Solarium, Lazer Epilasyon (IPL), Cilt Bak\u0131m\u0131, Permanent, Ka\u00e7, A\u011fda gibi t\u00fcm bak\u0131m i\u015flemlerinizi yapt\u0131rabilirsiniz. Telefonla ve online olarak randevunuzu olu\u015fturabilirsiniz.<\/p>\r\n\t\t\t\t<\/div><div class=\"droplet-btn text-left\">\r\n\t\t\t\t\t<a href=\"https:\/\/leyissa.de\/tr\/online-randevu\/\" target=\"_self\" class=\"btn \" style=\"background-color:#000; color:#fff\">\u015eimdi Rezervasyon Yap<\/a>\r\n\t\t\t\t<\/div>[\/vc_column][\/vc_row][vc_row css=&#8221;.vc_custom_1565440600460{margin-top: 100px !important;}&#8221;][vc_column css=&#8221;.vc_custom_1564951573069{padding-top: 0px !important;}&#8221;]<div class=\"video-popup\" style=\"background-image: url(https:\/\/leyissa.de\/wp-content\/uploads\/2021\/07\/video-cover.jpg); width:1170px; height:500px;\">\r\n\t\t\t\t\t<div class=\"video-icon\">\r\n\t\t\t\t\t\t<a class=\"video-link\" href=\"https:\/\/www.youtube.com\/watch?v=jz2uJUmeJMI\"><img decoding=\"async\" src=\"https:\/\/leyissa.de\/wp-content\/plugins\/ayesha_core\/\/img\/video_icon.png\" alt=\"\"><\/a>\r\n\t\t\t\t\t<\/div>\r\n                <\/div>[\/vc_column][\/vc_row][vc_row css=&#8221;.vc_custom_1566334396556{margin-top: 100px !important;margin-bottom: 50px !important;}&#8221;][vc_column]<div style=\"margin:0px 0px 70px 0px;\" class=\"special-heading\">\r\n\t\t\t\t\t<h1 class=\"main-heading\" style=\"font-size:45px; font-weight:400; line-height:65px; text-align:center; text-transform:uppercase; color:#000;\">Ekibimiz<\/h1>\r\n\t\t\t\t\t<div class=\"heading-sep center-pos\" style=\"background-color:#000;\"><\/div>\r\n\t\t\t\t<\/div>[\/vc_column][vc_column css=&#8221;.vc_custom_1565931413765{padding-top: 0px !important;}&#8221; offset=&#8221;vc_col-lg-3 vc_col-md-6 vc_col-xs-12&#8243;][\/vc_column][vc_column offset=&#8221;vc_col-lg-3 vc_col-md-6 vc_col-xs-12&#8243;]<div class=\"team-member\"><div class=\"person-img\"><img decoding=\"async\" src=\"https:\/\/leyissa.de\/wp-content\/uploads\/2021\/07\/sengul-akyuz.jpg\" alt=\"\" \/><\/div>\r\n    \t\t\t\t<div class=\"person-caption\">\r\n    \t\t\t\t\t<h4 style=\"color:#000;\" class=\"name\">\u015eeng\u00fcl Aky\u00fcz<\/h4>\r\n    \t\t\t\t\t<p style=\"color:#000;\" class=\"role\">- Kuaf\u00f6r - G\u00fczellik Uzman\u0131<\/p>\r\n    \t\t\t\t<\/div>\r\n    \t\t\t\t\r\n    \t\t\t<\/div>[\/vc_column][vc_column offset=&#8221;vc_col-lg-3 vc_col-md-6 vc_col-xs-12&#8243;]<div class=\"team-member\"><div class=\"person-img\"><img decoding=\"async\" src=\"https:\/\/leyissa.de\/wp-content\/uploads\/2021\/07\/sengul-moustafa.jpg\" alt=\"\" \/><\/div>\r\n    \t\t\t\t<div class=\"person-caption\">\r\n    \t\t\t\t\t<h4 style=\"color:#000;\" class=\"name\">\u015eeng\u00fcl Moustafa<\/h4>\r\n    \t\t\t\t\t<p style=\"color:#000;\" class=\"role\">- Kuaf\u00f6r - G\u00fczellik Uzman\u0131<\/p>\r\n    \t\t\t\t<\/div>\r\n    \t\t\t\t\r\n    \t\t\t<\/div>[\/vc_column][vc_column offset=&#8221;vc_col-lg-3 vc_col-md-6 vc_col-xs-12&#8243;][\/vc_column][\/vc_row]<\/p>\n<\/div>","protected":false},"excerpt":{"rendered":"<p>[vc_row full_width=&#8221;stretch_row&#8221; content_placement=&#8221;top&#8221; css=&#8221;.vc_custom_1565471867066{background-position: center !important;background-repeat: no-repeat !important;background-size: contain !important;}&#8221;][vc_column offset=&#8221;vc_col-lg-6 vc_col-md-6 vc_hidden-sm vc_hidden-xs&#8221; css=&#8221;.vc_custom_1564926837541{padding-top: 0px !important;}&#8221;][\/vc_column][vc_column offset=&#8221;vc_col-lg-6 vc_col-md-6 vc_hidden-sm vc_col-xs-12 vc_hidden-xs&#8221; css=&#8221;.vc_custom_1627482379816{padding-top: 0px !important;}&#8221;][\/vc_column][\/vc_row][vc_row css=&#8221;.vc_custom_1627482705350{margin-top: 0px !important;padding-top: 0px !important;}&#8221;][vc_column offset=&#8221;vc_hidden-lg vc_hidden-md&#8221;][\/vc_column][\/vc_row][vc_row css=&#8221;.vc_custom_1565440600460{margin-top: 100px !important;}&#8221;][vc_column css=&#8221;.vc_custom_1564951573069{padding-top: 0px !important;}&#8221;][\/vc_column][\/vc_row][vc_row css=&#8221;.vc_custom_1566334396556{margin-top: 100px !important;margin-bottom: 50px !important;}&#8221;][vc_column][\/vc_column][vc_column css=&#8221;.vc_custom_1565931413765{padding-top: 0px !important;}&#8221; offset=&#8221;vc_col-lg-3 vc_col-md-6 vc_col-xs-12&#8243;][\/vc_column][vc_column offset=&#8221;vc_col-lg-3 [&hellip;]<\/p>\n","protected":false},"author":1,"featured_media":0,"parent":0,"menu_order":0,"comment_status":"closed","ping_status":"closed","template":"","meta":{"footnotes":""},"class_list":["post-477","page","type-page","status-publish","hentry"],"_links":{"self":[{"href":"https:\/\/leyissa.de\/tr\/wp-json\/wp\/v2\/pages\/477","targetHints":{"allow":["GET"]}}],"collection":[{"href":"https:\/\/leyissa.de\/tr\/wp-json\/wp\/v2\/pages"}],"about":[{"href":"https:\/\/leyissa.de\/tr\/wp-json\/wp\/v2\/types\/page"}],"author":[{"embeddable":true,"href":"https:\/\/leyissa.de\/tr\/wp-json\/wp\/v2\/users\/1"}],"replies":[{"embeddable":true,"href":"https:\/\/leyissa.de\/tr\/wp-json\/wp\/v2\/comments?post=477"}],"version-history":[{"count":20,"href":"https:\/\/leyissa.de\/tr\/wp-json\/wp\/v2\/pages\/477\/revisions"}],"predecessor-version":[{"id":5737,"href":"https:\/\/leyissa.de\/tr\/wp-json\/wp\/v2\/pages\/477\/revisions\/5737"}],"wp:attachment":[{"href":"https:\/\/leyissa.de\/tr\/wp-json\/wp\/v2\/media?parent=477"}],"curies":[{"name":"wp","href":"https:\/\/api.w.org\/{rel}","templated":true}]}}