{"id":471,"date":"2017-06-27T10:36:24","date_gmt":"2017-06-27T10:36:24","guid":{"rendered":"http:\/\/www.beta.dev\/contact-us-2\/"},"modified":"2021-08-03T19:53:08","modified_gmt":"2021-08-03T17:53:08","slug":"iletisim","status":"publish","type":"page","link":"https:\/\/leyissa.de\/tr\/iletisim\/","title":{"rendered":"\u0130leti\u015fim"},"content":{"rendered":"<div class=\"wpb-content-wrapper\"><p>[vc_row css=&#8221;.vc_custom_1566335534281{margin-top: 100px !important;margin-bottom: 100px !important;}&#8221;][vc_column css=&#8221;.vc_custom_1566335639838{padding-top: 0px !important;}&#8221;][vc_gmaps link=&#8221;#E-8_JTNDaWZyYW1lJTIwc3JjJTNEJTIyaHR0cHMlM0ElMkYlMkZ3d3cuZ29vZ2xlLmNvbSUyRm1hcHMlMkZlbWJlZCUzRnBiJTNEJTIxMW0xOCUyMTFtMTIlMjExbTMlMjExZDE1MS44MTkzOTA3NDQ0NTc4OCUyMTJkMTMuMzYwNTA5MDM1NjQ3ODk0JTIxM2Q1Mi40OTUyNDM4MTI0MTQxMyUyMTJtMyUyMTFmMCUyMTJmMCUyMTNmMCUyMTNtMiUyMTFpMTAyNCUyMTJpNzY4JTIxNGYxMy4xJTIxM20zJTIxMW0yJTIxMXMweDQ3YTg1MDQ4Mzg5MjUzYWQlMjUzQTB4OWQ1ZGNhYWI4MTYzOTg1JTIxMnNTZW5nJTI1QzMlMjVCQ2wlMjUyMEFreSUyNUMzJTI1QkN6JTI1MjAlMjhMZXlpc3NhJTI5JTI1MjBGcmlzZXVyJTI1MjZLb3NtZXRpayUyMTVlMCUyMTNtMiUyMTFzdHIlMjEyc3RyJTIxNHYxNjI2ODg5ODE2MzU2JTIxNW0yJTIxMXN0ciUyMTJzdHIlMjIlMjB3aWR0aCUzRCUyMjYwMCUyMiUyMGhlaWdodCUzRCUyMjM4MCUyMiUyMHN0eWxlJTNEJTIyYm9yZGVyJTNBMCUzQiUyMiUyMGFsbG93ZnVsbHNjcmVlbiUzRCUyMiUyMiUyMGxvYWRpbmclM0QlMjJsYXp5JTIyJTNFJTNDJTJGaWZyYW1lJTNF&#8221;][\/vc_column][\/vc_row][vc_row css=&#8221;.vc_custom_1566335551314{margin-bottom: 100px !important;}&#8221;][vc_column css=&#8221;.vc_custom_1566335645036{padding-top: 0px !important;}&#8221;]<div style=\"margin:0px 0px 70px 0px;\" class=\"special-heading\">\r\n\t\t\t\t\t<h1 class=\"main-heading\" style=\"font-size:45px; font-weight:400; line-height:65px; text-align:center; text-transform:uppercase; color:#000;\">Bize Yaz\u0131n<\/h1>\r\n\t\t\t\t\t<div class=\"heading-sep center-pos\" style=\"background-color:#000;\"><\/div>\r\n\t\t\t\t<\/div>\n<div class=\"wpcf7 no-js\" id=\"wpcf7-f4702-o1\" lang=\"tr-TR\" dir=\"ltr\">\n<div class=\"screen-reader-response\"><p role=\"status\" aria-live=\"polite\" aria-atomic=\"true\"><\/p> <ul><\/ul><\/div>\n<form action=\"\/tr\/wp-json\/wp\/v2\/pages\/471#wpcf7-f4702-o1\" method=\"post\" class=\"wpcf7-form init\" aria-label=\"Contact form\" novalidate=\"novalidate\" data-status=\"init\">\n<div style=\"display: none;\">\n<input type=\"hidden\" name=\"_wpcf7\" value=\"4702\" \/>\n<input type=\"hidden\" name=\"_wpcf7_version\" value=\"5.8.5\" \/>\n<input type=\"hidden\" name=\"_wpcf7_locale\" value=\"tr_TR\" \/>\n<input type=\"hidden\" name=\"_wpcf7_unit_tag\" value=\"wpcf7-f4702-o1\" \/>\n<input type=\"hidden\" name=\"_wpcf7_container_post\" value=\"0\" \/>\n<input type=\"hidden\" name=\"_wpcf7_posted_data_hash\" value=\"\" \/>\n<\/div>\n<p class=\"left_field\"><br \/>\n<span class=\"wpcf7-form-control-wrap\" data-name=\"your-name\"><input size=\"40\" class=\"wpcf7-form-control wpcf7-text wpcf7-validates-as-required\" aria-required=\"true\" aria-invalid=\"false\" placeholder=\"Ad\u0131n\u0131z Soyad\u0131n\u0131z*\" value=\"\" type=\"text\" name=\"your-name\" \/><\/span>\n<\/p>\n<p class=\"right_field\"><br \/>\n<span class=\"wpcf7-form-control-wrap\" data-name=\"your-email\"><input size=\"40\" class=\"wpcf7-form-control wpcf7-email wpcf7-validates-as-required wpcf7-text wpcf7-validates-as-email\" aria-required=\"true\" aria-invalid=\"false\" placeholder=\"Eposta Adresiniz*\" value=\"\" type=\"email\" name=\"your-email\" \/><\/span>\n<\/p>\n<p class=\"left_field\"><br \/>\n<span class=\"wpcf7-form-control-wrap\" data-name=\"your-phone\"><input size=\"40\" class=\"wpcf7-form-control wpcf7-tel wpcf7-text wpcf7-validates-as-tel\" aria-invalid=\"false\" placeholder=\"Telefon Numaran\u0131z*\" value=\"\" type=\"tel\" name=\"your-phone\" \/><\/span>\n<\/p>\n<p class=\"right_field\"><br \/>\n<span class=\"wpcf7-form-control-wrap\" data-name=\"your-subject\"><input size=\"40\" class=\"wpcf7-form-control wpcf7-text\" aria-invalid=\"false\" placeholder=\"Konu\" value=\"\" type=\"text\" name=\"your-subject\" \/><\/span>\n<\/p>\n<p class=\"message_field\"><br \/>\n<span class=\"wpcf7-form-control-wrap\" data-name=\"your-message\"><textarea cols=\"40\" rows=\"10\" class=\"wpcf7-form-control wpcf7-textarea wpcf7-validates-as-required\" aria-required=\"true\" aria-invalid=\"false\" placeholder=\"Mesaj\u0131n\u0131z\" name=\"your-message\"><\/textarea><\/span>\n<\/p>\n<p><input class=\"wpcf7-form-control wpcf7-submit has-spinner\" type=\"submit\" value=\"G\u00f6nder\" \/>\n<\/p><div class=\"wpcf7-response-output\" aria-hidden=\"true\"><\/div>\n<\/form>\n<\/div>\n[\/vc_column][\/vc_row]<\/p>\n<\/div>","protected":false},"excerpt":{"rendered":"<p>[vc_row css=&#8221;.vc_custom_1566335534281{margin-top: 100px !important;margin-bottom: 100px !important;}&#8221;][vc_column css=&#8221;.vc_custom_1566335639838{padding-top: 0px !important;}&#8221;][vc_gmaps link=&#8221;#E-8_JTNDaWZyYW1lJTIwc3JjJTNEJTIyaHR0cHMlM0ElMkYlMkZ3d3cuZ29vZ2xlLmNvbSUyRm1hcHMlMkZlbWJlZCUzRnBiJTNEJTIxMW0xOCUyMTFtMTIlMjExbTMlMjExZDE1MS44MTkzOTA3NDQ0NTc4OCUyMTJkMTMuMzYwNTA5MDM1NjQ3ODk0JTIxM2Q1Mi40OTUyNDM4MTI0MTQxMyUyMTJtMyUyMTFmMCUyMTJmMCUyMTNmMCUyMTNtMiUyMTFpMTAyNCUyMTJpNzY4JTIxNGYxMy4xJTIxM20zJTIxMW0yJTIxMXMweDQ3YTg1MDQ4Mzg5MjUzYWQlMjUzQTB4OWQ1ZGNhYWI4MTYzOTg1JTIxMnNTZW5nJTI1QzMlMjVCQ2wlMjUyMEFreSUyNUMzJTI1QkN6JTI1MjAlMjhMZXlpc3NhJTI5JTI1MjBGcmlzZXVyJTI1MjZLb3NtZXRpayUyMTVlMCUyMTNtMiUyMTFzdHIlMjEyc3RyJTIxNHYxNjI2ODg5ODE2MzU2JTIxNW0yJTIxMXN0ciUyMTJzdHIlMjIlMjB3aWR0aCUzRCUyMjYwMCUyMiUyMGhlaWdodCUzRCUyMjM4MCUyMiUyMHN0eWxlJTNEJTIyYm9yZGVyJTNBMCUzQiUyMiUyMGFsbG93ZnVsbHNjcmVlbiUzRCUyMiUyMiUyMGxvYWRpbmclM0QlMjJsYXp5JTIyJTNFJTNDJTJGaWZyYW1lJTNF&#8221;][\/vc_column][\/vc_row][vc_row css=&#8221;.vc_custom_1566335551314{margin-bottom: 100px !important;}&#8221;][vc_column css=&#8221;.vc_custom_1566335645036{padding-top: 0px !important;}&#8221;][\/vc_column][\/vc_row]<\/p>\n","protected":false},"author":1,"featured_media":0,"parent":0,"menu_order":0,"comment_status":"closed","ping_status":"closed","template":"","meta":{"footnotes":""},"class_list":["post-471","page","type-page","status-publish","hentry"],"_links":{"self":[{"href":"https:\/\/leyissa.de\/tr\/wp-json\/wp\/v2\/pages\/471","targetHints":{"allow":["GET"]}}],"collection":[{"href":"https:\/\/leyissa.de\/tr\/wp-json\/wp\/v2\/pages"}],"about":[{"href":"https:\/\/leyissa.de\/tr\/wp-json\/wp\/v2\/types\/page"}],"author":[{"embeddable":true,"href":"https:\/\/leyissa.de\/tr\/wp-json\/wp\/v2\/users\/1"}],"replies":[{"embeddable":true,"href":"https:\/\/leyissa.de\/tr\/wp-json\/wp\/v2\/comments?post=471"}],"version-history":[{"count":4,"href":"https:\/\/leyissa.de\/tr\/wp-json\/wp\/v2\/pages\/471\/revisions"}],"predecessor-version":[{"id":5160,"href":"https:\/\/leyissa.de\/tr\/wp-json\/wp\/v2\/pages\/471\/revisions\/5160"}],"wp:attachment":[{"href":"https:\/\/leyissa.de\/tr\/wp-json\/wp\/v2\/media?parent=471"}],"curies":[{"name":"wp","href":"https:\/\/api.w.org\/{rel}","templated":true}]}}