{"id":4287,"date":"2019-07-31T15:36:36","date_gmt":"2019-07-31T15:36:36","guid":{"rendered":"http:\/\/www.example.dev.cc\/?page_id=4287"},"modified":"2021-09-18T01:04:35","modified_gmt":"2021-09-17T23:04:35","slug":"home-barber-shop","status":"publish","type":"page","link":"https:\/\/leyissa.de\/tr\/","title":{"rendered":"Anasayfa"},"content":{"rendered":"<div class=\"wpb-content-wrapper\"><p>[vc_row full_width=&#8221;stretch_row&#8221; content_placement=&#8221;middle&#8221; css=&#8221;.vc_custom_1627472894687{padding-top: 100px !important;padding-bottom: 100px !important;background-color: #f3f4f6 !important;background-position: center !important;background-repeat: no-repeat !important;background-size: cover !important;}&#8221;][vc_column css=&#8221;.vc_custom_1627469849877{margin-right: 10px !important;padding-top: 0px !important;}&#8221; offset=&#8221;vc_col-lg-6 vc_col-md-8 vc_hidden-sm vc_col-xs-12 vc_hidden-xs&#8221;]<div style=\"margin:0px 0px 50px 0px;\" class=\"special-heading\">\r\n\t\t\t\t\t<h1 class=\"main-heading\" style=\"font-size:45px; font-weight:400; line-height:65px; text-align:left; text-transform:uppercase; color:#000;\">Leyissa Kuaf\u00f6r &amp; Kozmetik Salonuna Ho\u015f Geldiniz...<\/h1>\r\n\t\t\t\t\t<div class=\"heading-sep left-pos\" style=\"background-color:#000;\"><\/div>\r\n\t\t\t\t<\/div>[\/vc_column][vc_column css=&#8221;.vc_custom_1627469842722{padding-top: 0px !important;}&#8221; offset=&#8221;vc_col-lg-6 vc_col-md-6 vc_hidden-sm vc_col-xs-6 vc_hidden-xs&#8221;]<div style=\"margin:;\" class=\"special-text\">\r\n\t\t\t\t\t<p style=\"font-size:14px !important; font-weight:400; line-height:30px; letter-spacing:0.2px; text-align:left; color:#737373;\">\u0130\u015fletmemiz 20 y\u0131ld\u0131r Berlin\u2019in en g\u00f6zde caddelerinden biri olan Potsdamer Stra\u00dfe adresinde ana cadde \u00fczerinde hizmet vermektedir. 2001 y\u0131l\u0131ndan itibaren siz sevgili misafirlerimize en profesyonel kadro ve en kaliteli \u00fcr\u00fcnlerle do\u011fru hizmet d\u00fcr\u00fcst bir servis alg\u0131s\u0131yla hizmet vermek i\u00e7in \u00e7al\u0131\u015fmaktay\u0131z. M\u00fc\u015fterilerimizden gelen istekler \u00fczerine kozmetik \u00fcr\u00fcnler sat\u0131n alabilece\u011finiz online sat\u0131\u015f b\u00f6l\u00fcm\u00fcm\u00fcz\u00fc olu\u015fturduk. Geni\u015f hizmet yelpazemizde sa\u00e7, cilt, t\u0131rnak, el ayak bran\u015flar\u0131nda uzman e\u011fitimli ve sertifikal\u0131 kadromuzla hizmet vermeye devam ediyoruz.<\/p>\r\n\t\t\t\t<\/div><div class=\"droplet-btn text-left\">\r\n\t\t\t\t\t<a href=\"https:\/\/leyissa.de\/tr\/online-randevu\/\" target=\"_self\" class=\"btn \" style=\"background-color:#000; color:#fff\">RANDEVU AL<\/a>\r\n\t\t\t\t<\/div>[\/vc_column][\/vc_row][vc_row css=&#8221;.vc_custom_1627470073525{margin-top: 0px !important;padding-top: 0px !important;background-color: #f3f4f6 !important;}&#8221;][vc_column offset=&#8221;vc_hidden-lg vc_hidden-md&#8221;][vc_custom_heading text=&#8221;Leyissa Kuaf\u00f6r &amp; Kozmetik Salonuna Ho\u015f Geldiniz&#8230;&#8221; font_container=&#8221;tag:h2|font_size:30|text_align:left&#8221; google_fonts=&#8221;font_family:Cinzel%3Aregular%2C700%2C900|font_style:400%20regular%3A400%3Anormal&#8221;][vc_column_text]\u0130\u015fletmemiz 20 y\u0131ld\u0131r Berlin\u2019in en g\u00f6zde caddelerinden biri olan Potsdamer Stra\u00dfe adresinde ana cadde \u00fczerinde hizmet vermektedir. 2001 y\u0131l\u0131ndan itibaren siz sevgili misafirlerimize en profesyonel kadro ve en kaliteli \u00fcr\u00fcnlerle do\u011fru hizmet d\u00fcr\u00fcst bir servis alg\u0131s\u0131yla hizmet vermek i\u00e7in \u00e7al\u0131\u015fmaktay\u0131z. M\u00fc\u015fterilerimizden gelen istekler \u00fczerine kozmetik \u00fcr\u00fcnler sat\u0131n alabilece\u011finiz online sat\u0131\u015f b\u00f6l\u00fcm\u00fcm\u00fcz\u00fc olu\u015fturduk. Geni\u015f hizmet yelpazemizde sa\u00e7, cilt, t\u0131rnak, el ayak bran\u015flar\u0131nda uzman e\u011fitimli ve sertifikal\u0131 kadromuzla hizmet vermeye devam ediyoruz.[\/vc_column_text]<div class=\"droplet-btn text-left\">\r\n\t\t\t\t\t<a href=\"https:\/\/leyissa.de\/tr\/online-randevu\/\" target=\"_self\" class=\"btn \" style=\"background-color:#000; color:#fff\">RANDEVU AL<\/a>\r\n\t\t\t\t<\/div>[\/vc_column][\/vc_row][vc_row][vc_column]<div class=\"video-popup\" style=\"background-image: url(https:\/\/leyissa.de\/wp-content\/uploads\/2021\/07\/video-cover.jpg); width:100%; height:500px;\">\r\n\t\t\t\t\t<div class=\"video-icon\">\r\n\t\t\t\t\t\t<a class=\"video-link\" href=\"https:\/\/www.youtube.com\/watch?v=jz2uJUmeJMI\"><img decoding=\"async\" src=\"https:\/\/leyissa.de\/wp-content\/plugins\/ayesha_core\/\/img\/video_icon.png\" alt=\"\"><\/a>\r\n\t\t\t\t\t<\/div>\r\n                <\/div>[\/vc_column][\/vc_row][vc_row css=&#8221;.vc_custom_1566333954787{margin-top: 100px !important;margin-bottom: 60px !important;}&#8221;][vc_column]<div style=\"margin:0px 0px 70px 0px;\" class=\"special-heading\">\r\n\t\t\t\t\t<h1 class=\"main-heading\" style=\"font-size:45px; font-weight:400; line-height:65px; text-align:left; text-transform:uppercase; color:#000;\">Hizmetlerimiz<\/h1>\r\n\t\t\t\t\t<div class=\"heading-sep left-pos\" style=\"background-color:#000;\"><\/div>\r\n\t\t\t\t<\/div>[\/vc_column][\/vc_row][vc_row full_width=&#8221;stretch_row_content&#8221; equal_height=&#8221;yes&#8221; content_placement=&#8221;bottom&#8221;][vc_column css=&#8221;.vc_custom_1565849144901{padding-top: 300px !important;padding-right: 30px !important;padding-bottom: 40px !important;padding-left: 40px !important;background-image: url(http:\/\/leyissa.de\/wp-content\/uploads\/2019\/08\/Home1-Service-1-Img.jpg?id=4484) !important;background-position: center !important;background-repeat: no-repeat !important;background-size: cover !important;}&#8221; offset=&#8221;vc_col-lg-3 vc_col-md-6 vc_col-xs-12&#8243;]<div style=\"margin:0px 0px 10px 0px;\" class=\"special-heading\">\r\n\t\t\t\t\t<h1 class=\"main-heading\" style=\"font-size:40px; font-weight:400; line-height:65px; text-align:left; text-transform:uppercase; color:#ffffff;\">SA\u00c7 \u015eEK\u0130LLEND\u0130RME H\u0130ZMETLER\u0130<\/h1>\r\n\t\t\t\t\t\r\n\t\t\t\t<\/div><div class=\"droplet-btn text-left\">\r\n\t\t\t\t\t<a href=\"https:\/\/leyissa.de\/tr\/hizmetlerimiz\/\" target=\"_self\" class=\"btn \" style=\"background-color:#000; color:#fff\">Devam\u0131n\u0131 oku<\/a>\r\n\t\t\t\t<\/div>[\/vc_column][vc_column css=&#8221;.vc_custom_1565849163743{padding-top: 300px !important;padding-right: 30px !important;padding-bottom: 40px !important;padding-left: 40px !important;background-image: url(http:\/\/leyissa.de\/wp-content\/uploads\/2019\/08\/Home2-Service-2-Img.jpg?id=4486) !important;background-position: center !important;background-repeat: no-repeat !important;background-size: cover !important;}&#8221; offset=&#8221;vc_col-lg-3 vc_col-md-6 vc_col-xs-12&#8243;]<div style=\"margin:0px 0px 10px 0px;\" class=\"special-heading\">\r\n\t\t\t\t\t<h1 class=\"main-heading\" style=\"font-size:40px; font-weight:400; line-height:65px; text-align:left; text-transform:uppercase; color:#ffffff;\">MAKYAJ H\u0130ZMETLER\u0130<\/h1>\r\n\t\t\t\t\t\r\n\t\t\t\t<\/div><div class=\"droplet-btn text-left\">\r\n\t\t\t\t\t<a href=\"https:\/\/leyissa.de\/tr\/hizmetlerimiz\/\" target=\"_self\" class=\"btn \" style=\"background-color:#000; color:#fff\">Devam\u0131n\u0131 oku<\/a>\r\n\t\t\t\t<\/div>[\/vc_column][vc_column css=&#8221;.vc_custom_1565849177524{padding-top: 300px !important;padding-right: 30px !important;padding-bottom: 40px !important;padding-left: 40px !important;background-image: url(http:\/\/leyissa.de\/wp-content\/uploads\/2019\/08\/Home3-Service-3-Img.jpg?id=4487) !important;background-position: center !important;background-repeat: no-repeat !important;background-size: cover !important;}&#8221; offset=&#8221;vc_col-lg-3 vc_col-md-6 vc_col-xs-12&#8243;]<div style=\"margin:0px 0px 10px 0px;\" class=\"special-heading\">\r\n\t\t\t\t\t<h1 class=\"main-heading\" style=\"font-size:40px; font-weight:400; line-height:65px; text-align:left; text-transform:uppercase; color:#ffffff;\">KOZMET\u0130K H\u0130ZMETLER\u0130M\u0130Z<\/h1>\r\n\t\t\t\t\t\r\n\t\t\t\t<\/div><div class=\"droplet-btn text-left\">\r\n\t\t\t\t\t<a href=\"https:\/\/leyissa.de\/tr\/hizmetlerimiz\/\" target=\"_self\" class=\"btn \" style=\"background-color:#000; color:#fff\">Devam\u0131n\u0131 oku<\/a>\r\n\t\t\t\t<\/div>[\/vc_column][vc_column css=&#8221;.vc_custom_1565849195052{padding-top: 300px !important;padding-right: 30px !important;padding-bottom: 40px !important;padding-left: 40px !important;background-image: url(http:\/\/leyissa.de\/wp-content\/uploads\/2019\/08\/Home4-Service-4-Img.jpg?id=4476) !important;background-position: center !important;background-repeat: no-repeat !important;background-size: cover !important;}&#8221; offset=&#8221;vc_col-lg-3 vc_col-md-6 vc_col-xs-12&#8243;]<div style=\"margin:0px 0px 10px 0px;\" class=\"special-heading\">\r\n\t\t\t\t\t<h1 class=\"main-heading\" style=\"font-size:40px; font-weight:400; line-height:65px; text-align:left; text-transform:uppercase; color:#ffffff;\">TIRNAK H\u0130ZMETLER\u0130M\u0130Z<\/h1>\r\n\t\t\t\t\t\r\n\t\t\t\t<\/div><div class=\"droplet-btn text-left\">\r\n\t\t\t\t\t<a href=\"https:\/\/leyissa.de\/tr\/hizmetlerimiz\/\" target=\"_self\" class=\"btn \" style=\"background-color:#000; color:#fff\">Devam\u0131n\u0131 oku<\/a>\r\n\t\t\t\t<\/div>[\/vc_column][\/vc_row][vc_row css=&#8221;.vc_custom_1566333954787{margin-top: 100px !important;margin-bottom: 60px !important;}&#8221;][vc_column]<div style=\"margin:0px 0px 70px 0px;\" class=\"special-heading\">\r\n\t\t\t\t\t<h1 class=\"main-heading\" style=\"font-size:45px; font-weight:400; line-height:65px; text-align:center; text-transform:uppercase; color:#000;\">Ekibimiz<\/h1>\r\n\t\t\t\t\t<div class=\"heading-sep center-pos\" style=\"background-color:#000;\"><\/div>\r\n\t\t\t\t<\/div>[\/vc_column][vc_column css=&#8221;.vc_custom_1565875254859{padding-top: 0px !important;}&#8221; offset=&#8221;vc_col-lg-3 vc_col-md-6 vc_col-xs-12&#8243;][\/vc_column][vc_column width=&#8221;1\/4&#8243; offset=&#8221;vc_col-lg-3 vc_col-md-6 vc_col-xs-12&#8243;]<div class=\"team-member\"><div class=\"person-img\"><img decoding=\"async\" src=\"https:\/\/leyissa.de\/wp-content\/uploads\/2021\/07\/sengul-akyuz.jpg\" alt=\"\" \/><\/div>\r\n    \t\t\t\t<div class=\"person-caption\">\r\n    \t\t\t\t\t<h4 style=\"color:#000;\" class=\"name\">\u015eeng\u00fcl Aky\u00fcz<\/h4>\r\n    \t\t\t\t\t<p style=\"color:#000;\" class=\"role\">- Kuaf\u00f6r - G\u00fczellik Uzman\u0131<\/p>\r\n    \t\t\t\t<\/div>\r\n    \t\t\t\t\r\n    \t\t\t<\/div>[\/vc_column][vc_column offset=&#8221;vc_col-lg-3 vc_col-md-6 vc_col-xs-12&#8243;]<div class=\"team-member\"><div class=\"person-img\"><img decoding=\"async\" src=\"https:\/\/leyissa.de\/wp-content\/uploads\/2021\/07\/sengul-moustafa.jpg\" alt=\"\" \/><\/div>\r\n    \t\t\t\t<div class=\"person-caption\">\r\n    \t\t\t\t\t<h4 style=\"color:#000;\" class=\"name\">\u015eeng\u00fcl Moustafa<\/h4>\r\n    \t\t\t\t\t<p style=\"color:#000;\" class=\"role\">- Kuaf\u00f6r G\u00fczellik - Uzman\u0131<\/p>\r\n    \t\t\t\t<\/div>\r\n    \t\t\t\t\r\n    \t\t\t<\/div>[\/vc_column][vc_column offset=&#8221;vc_col-lg-3 vc_col-md-6 vc_col-xs-12&#8243;][\/vc_column][\/vc_row][vc_row full_width=&#8221;stretch_row&#8221; css=&#8221;.vc_custom_1627736843684{margin-top: 0px !important;margin-bottom: 0px !important;padding-top: 90px !important;padding-bottom: 70px !important;background-image: url(https:\/\/leyissa.de\/wp-content\/uploads\/2019\/08\/Booking-Bg.jpg?id=4481) !important;background-position: center !important;background-repeat: no-repeat !important;background-size: cover !important;}&#8221;][vc_column width=&#8221;1\/3&#8243;][\/vc_column][vc_column width=&#8221;2\/3&#8243;]<div style=\"margin:0px 0px 70px 0px;\" class=\"special-heading\">\r\n\t\t\t\t\t<h1 class=\"main-heading\" style=\"font-size:45px; font-weight:400; line-height:65px; text-align:left; text-transform:uppercase; color:#000;\">Online Randevu<\/h1>\r\n\t\t\t\t\t<div class=\"heading-sep left-pos\" style=\"background-color:#000;\"><\/div>\r\n\t\t\t\t<\/div>[vc_column_text]<div class=\"wpforms-container wpforms-container-full\" id=\"wpforms-5703\"><form id=\"wpforms-form-5703\" class=\"wpforms-validate wpforms-form\" data-formid=\"5703\" method=\"post\" enctype=\"multipart\/form-data\" action=\"\/tr\/wp-json\/wp\/v2\/pages\/4287\" data-token=\"afca0b2c6393c135e7615ab1537aaaa1\"><noscript class=\"wpforms-error-noscript\">Bu formu bitirebilmek i\u00e7in taray\u0131c\u0131n\u0131zda JavaScript&#039;i etkinle\u015ftirin.<\/noscript><div class=\"wpforms-field-container\"><div id=\"wpforms-5703-field_1-container\" class=\"wpforms-field wpforms-field-text\" data-field-id=\"1\"><label class=\"wpforms-field-label\" for=\"wpforms-5703-field_1\">Ad\u0131n\u0131z Soyad\u0131n\u0131z<\/label><input type=\"text\" id=\"wpforms-5703-field_1\" class=\"wpforms-field-medium\" name=\"wpforms[fields][1]\" ><\/div><div id=\"wpforms-5703-field_2-container\" class=\"wpforms-field wpforms-field-phone\" data-field-id=\"2\"><label class=\"wpforms-field-label\" for=\"wpforms-5703-field_2\">Telefonunuz<\/label><input type=\"tel\" id=\"wpforms-5703-field_2\" class=\"wpforms-field-medium wpforms-smart-phone-field\" data-rule-smart-phone-field=\"true\" name=\"wpforms[fields][2]\" ><\/div><div id=\"wpforms-5703-field_3-container\" class=\"wpforms-field wpforms-field-email\" data-field-id=\"3\"><label class=\"wpforms-field-label\" for=\"wpforms-5703-field_3\">E-Posta Adresiniz <span class=\"wpforms-required-label\">*<\/span><\/label><input type=\"email\" id=\"wpforms-5703-field_3\" class=\"wpforms-field-medium wpforms-field-required\" name=\"wpforms[fields][3]\" spellcheck=\"false\" required><\/div><div id=\"wpforms-5703-field_5-container\" class=\"wpforms-field wpforms-field-select wpforms-field-select-style-classic\" data-field-id=\"5\"><label class=\"wpforms-field-label\" for=\"wpforms-5703-field_5\">Almak \u0130stedi\u011finiz Hizmet<\/label><select id=\"wpforms-5703-field_5\" class=\"wpforms-field-medium\" name=\"wpforms[fields][5]\"><option value=\"Sa\u00e7 \u015eekillendirme\" >Sa\u00e7 \u015eekillendirme<\/option><option value=\"Makyaj\" >Makyaj<\/option><option value=\"T\u0131rnak Kozmeti\u011fi\" >T\u0131rnak Kozmeti\u011fi<\/option><option value=\"Solarium\" >Solarium<\/option><\/select><\/div><div id=\"wpforms-5703-field_4-container\" class=\"wpforms-field wpforms-field-date-time\" data-field-id=\"4\"><label class=\"wpforms-field-label\" for=\"wpforms-5703-field_4\">Tarih \/ Saat <span class=\"wpforms-required-label\">*<\/span><\/label><div class=\"wpforms-field-row wpforms-field-medium\"><div class=\"wpforms-field-row-block wpforms-date-type-datepicker\"><div class=\"wpforms-datepicker-wrap\"><input type=\"text\" id=\"wpforms-5703-field_4\" class=\"wpforms-field-date-time-date wpforms-datepicker wpforms-field-required\" data-date-format=\"d\/m\/Y\" data-limit-days=\"mon,tue,wed,thu,fri\" data-disable-past-dates=\"1\" data-input=\"true\" name=\"wpforms[fields][4][date]\" placeholder=\"Tarih\" required><a title=\"Clear Date\" data-clear class=\"wpforms-datepicker-clear\" style=\"display:none;\"><\/a><\/div><label for=\"wpforms-5703-field_4\" class=\"wpforms-field-sublabel after wpforms-sublabel-hide\">Date<\/label><\/div><div class=\"wpforms-field-row-block\"><input type=\"text\" id=\"wpforms-5703-field_4-time\" class=\"wpforms-field-date-time-time wpforms-timepicker wpforms-field-required\" data-time-format=\"H:i\" data-step=\"30\" data-rule-time24h=\"true\" data-min-time=\"10:00\" data-max-time=\"18:00\" data-rule-time-limit=\"true\" name=\"wpforms[fields][4][time]\" placeholder=\"Saat\" required><label for=\"wpforms-5703-field_4-time\" class=\"wpforms-field-sublabel after wpforms-sublabel-hide\">Time<\/label><\/div><\/div><\/div><div id=\"wpforms-5703-field_6-container\" class=\"wpforms-field wpforms-field-textarea\" data-field-id=\"6\"><label class=\"wpforms-field-label\" for=\"wpforms-5703-field_6\">Varsa \u00f6zel notunuz<\/label><textarea id=\"wpforms-5703-field_6\" class=\"wpforms-field-medium\" name=\"wpforms[fields][6]\" ><\/textarea><\/div><\/div><!-- .wpforms-field-container --><div class=\"wpforms-submit-container\" ><input type=\"hidden\" name=\"wpforms[id]\" value=\"5703\"><input type=\"hidden\" name=\"wpforms[author]\" value=\"1\"><button type=\"submit\" name=\"wpforms[submit]\" id=\"wpforms-submit-5703\" class=\"wpforms-submit\" data-alt-text=\"G\u00f6nderiliyor...\" data-submit-text=\"G\u00f6nder\" aria-live=\"assertive\" value=\"wpforms-submit\">G\u00f6nder<\/button><\/div><\/form><\/div>  <!-- .wpforms-container -->[\/vc_column_text][\/vc_column][\/vc_row][vc_row full_width=&#8221;stretch_row_content_no_spaces&#8221; css=&#8221;.vc_custom_1627658662267{margin-top: 0px !important;margin-bottom: 0px !important;padding-top: 0px !important;padding-bottom: 0px !important;}&#8221;][vc_column css=&#8221;.vc_custom_1627659018396{margin-top: 0px !important;margin-bottom: 0px !important;padding-top: 0px !important;padding-bottom: 0px !important;}&#8221;][elfsight_instagram_feed id=&#8221;1&#8243;][\/vc_column][\/vc_row]<\/p>\n<\/div>","protected":false},"excerpt":{"rendered":"<p>[vc_row full_width=&#8221;stretch_row&#8221; content_placement=&#8221;middle&#8221; css=&#8221;.vc_custom_1627472894687{padding-top: 100px !important;padding-bottom: 100px !important;background-color: #f3f4f6 !important;background-position: center !important;background-repeat: no-repeat !important;background-size: cover !important;}&#8221;][vc_column css=&#8221;.vc_custom_1627469849877{margin-right: 10px !important;padding-top: 0px !important;}&#8221; offset=&#8221;vc_col-lg-6 vc_col-md-8 vc_hidden-sm vc_col-xs-12 vc_hidden-xs&#8221;][\/vc_column][vc_column css=&#8221;.vc_custom_1627469842722{padding-top: 0px !important;}&#8221; offset=&#8221;vc_col-lg-6 vc_col-md-6 vc_hidden-sm vc_col-xs-6 vc_hidden-xs&#8221;][\/vc_column][\/vc_row][vc_row css=&#8221;.vc_custom_1627470073525{margin-top: 0px !important;padding-top: 0px !important;background-color: #f3f4f6 !important;}&#8221;][vc_column offset=&#8221;vc_hidden-lg vc_hidden-md&#8221;][vc_custom_heading text=&#8221;Leyissa Kuaf\u00f6r &amp; Kozmetik Salonuna Ho\u015f Geldiniz&#8230;&#8221; [&hellip;]<\/p>\n","protected":false},"author":1,"featured_media":0,"parent":0,"menu_order":0,"comment_status":"closed","ping_status":"closed","template":"","meta":{"footnotes":""},"class_list":["post-4287","page","type-page","status-publish","hentry"],"_links":{"self":[{"href":"https:\/\/leyissa.de\/tr\/wp-json\/wp\/v2\/pages\/4287","targetHints":{"allow":["GET"]}}],"collection":[{"href":"https:\/\/leyissa.de\/tr\/wp-json\/wp\/v2\/pages"}],"about":[{"href":"https:\/\/leyissa.de\/tr\/wp-json\/wp\/v2\/types\/page"}],"author":[{"embeddable":true,"href":"https:\/\/leyissa.de\/tr\/wp-json\/wp\/v2\/users\/1"}],"replies":[{"embeddable":true,"href":"https:\/\/leyissa.de\/tr\/wp-json\/wp\/v2\/comments?post=4287"}],"version-history":[{"count":53,"href":"https:\/\/leyissa.de\/tr\/wp-json\/wp\/v2\/pages\/4287\/revisions"}],"predecessor-version":[{"id":5735,"href":"https:\/\/leyissa.de\/tr\/wp-json\/wp\/v2\/pages\/4287\/revisions\/5735"}],"wp:attachment":[{"href":"https:\/\/leyissa.de\/tr\/wp-json\/wp\/v2\/media?parent=4287"}],"curies":[{"name":"wp","href":"https:\/\/api.w.org\/{rel}","templated":true}]}}