{"id":3076,"date":"2018-05-22T20:16:32","date_gmt":"2018-05-22T20:16:32","guid":{"rendered":"http:\/\/www.gentlecut.test\/?page_id=3076"},"modified":"2021-09-14T10:59:22","modified_gmt":"2021-09-14T08:59:22","slug":"online-randevu","status":"publish","type":"page","link":"https:\/\/leyissa.de\/tr\/online-randevu\/","title":{"rendered":"Online Randevu"},"content":{"rendered":"<div class=\"wpb-content-wrapper\"><p>[vc_row full_width=&#8221;stretch_row&#8221; css=&#8221;.vc_custom_1627293604562{padding-top: 90px !important;padding-bottom: 60px !important;background-image: url(https:\/\/leyissa.de\/wp-content\/uploads\/2019\/08\/Home4-About-Img.jpg?id=4570) !important;background-position: center !important;background-repeat: no-repeat !important;background-size: cover !important;}&#8221;][vc_column]<div style=\"margin:0px 0px 70px 0px;\" class=\"special-heading\">\r\n\t\t\t\t\t<h1 class=\"main-heading\" style=\"font-size:45px; font-weight:400; line-height:65px; text-align:center; text-transform:uppercase; color:#000;\">ONLINE REZERVASYON<\/h1>\r\n\t\t\t\t\t<div class=\"heading-sep center-pos\" style=\"background-color:#000;\"><\/div>\r\n\t\t\t\t<\/div>[vc_column_text]<div class=\"wpforms-container wpforms-container-full\" id=\"wpforms-5703\"><form id=\"wpforms-form-5703\" class=\"wpforms-validate wpforms-form\" data-formid=\"5703\" method=\"post\" enctype=\"multipart\/form-data\" action=\"\/tr\/wp-json\/wp\/v2\/pages\/3076\" data-token=\"afca0b2c6393c135e7615ab1537aaaa1\"><noscript class=\"wpforms-error-noscript\">Bu formu bitirebilmek i\u00e7in taray\u0131c\u0131n\u0131zda JavaScript&#039;i etkinle\u015ftirin.<\/noscript><div class=\"wpforms-field-container\"><div id=\"wpforms-5703-field_1-container\" class=\"wpforms-field wpforms-field-text\" data-field-id=\"1\"><label class=\"wpforms-field-label\" for=\"wpforms-5703-field_1\">Ad\u0131n\u0131z Soyad\u0131n\u0131z<\/label><input type=\"text\" id=\"wpforms-5703-field_1\" class=\"wpforms-field-medium\" name=\"wpforms[fields][1]\" ><\/div><div id=\"wpforms-5703-field_2-container\" class=\"wpforms-field wpforms-field-phone\" data-field-id=\"2\"><label class=\"wpforms-field-label\" for=\"wpforms-5703-field_2\">Telefonunuz<\/label><input type=\"tel\" id=\"wpforms-5703-field_2\" class=\"wpforms-field-medium wpforms-smart-phone-field\" data-rule-smart-phone-field=\"true\" name=\"wpforms[fields][2]\" ><\/div><div id=\"wpforms-5703-field_3-container\" class=\"wpforms-field wpforms-field-email\" data-field-id=\"3\"><label class=\"wpforms-field-label\" for=\"wpforms-5703-field_3\">E-Posta Adresiniz <span class=\"wpforms-required-label\">*<\/span><\/label><input type=\"email\" id=\"wpforms-5703-field_3\" class=\"wpforms-field-medium wpforms-field-required\" name=\"wpforms[fields][3]\" spellcheck=\"false\" required><\/div><div id=\"wpforms-5703-field_5-container\" class=\"wpforms-field wpforms-field-select wpforms-field-select-style-classic\" data-field-id=\"5\"><label class=\"wpforms-field-label\" for=\"wpforms-5703-field_5\">Almak \u0130stedi\u011finiz Hizmet<\/label><select id=\"wpforms-5703-field_5\" class=\"wpforms-field-medium\" name=\"wpforms[fields][5]\"><option value=\"Sa\u00e7 \u015eekillendirme\" >Sa\u00e7 \u015eekillendirme<\/option><option value=\"Makyaj\" >Makyaj<\/option><option value=\"T\u0131rnak Kozmeti\u011fi\" >T\u0131rnak Kozmeti\u011fi<\/option><option value=\"Solarium\" >Solarium<\/option><\/select><\/div><div id=\"wpforms-5703-field_4-container\" class=\"wpforms-field wpforms-field-date-time\" data-field-id=\"4\"><label class=\"wpforms-field-label\" for=\"wpforms-5703-field_4\">Tarih \/ Saat <span class=\"wpforms-required-label\">*<\/span><\/label><div class=\"wpforms-field-row wpforms-field-medium\"><div class=\"wpforms-field-row-block wpforms-date-type-datepicker\"><div class=\"wpforms-datepicker-wrap\"><input type=\"text\" id=\"wpforms-5703-field_4\" class=\"wpforms-field-date-time-date wpforms-datepicker wpforms-field-required\" data-date-format=\"d\/m\/Y\" data-limit-days=\"mon,tue,wed,thu,fri\" data-disable-past-dates=\"1\" data-input=\"true\" name=\"wpforms[fields][4][date]\" placeholder=\"Tarih\" required><a title=\"Clear Date\" data-clear class=\"wpforms-datepicker-clear\" style=\"display:none;\"><\/a><\/div><label for=\"wpforms-5703-field_4\" class=\"wpforms-field-sublabel after wpforms-sublabel-hide\">Date<\/label><\/div><div class=\"wpforms-field-row-block\"><input type=\"text\" id=\"wpforms-5703-field_4-time\" class=\"wpforms-field-date-time-time wpforms-timepicker wpforms-field-required\" data-time-format=\"H:i\" data-step=\"30\" data-rule-time24h=\"true\" data-min-time=\"10:00\" data-max-time=\"18:00\" data-rule-time-limit=\"true\" name=\"wpforms[fields][4][time]\" placeholder=\"Saat\" required><label for=\"wpforms-5703-field_4-time\" class=\"wpforms-field-sublabel after wpforms-sublabel-hide\">Time<\/label><\/div><\/div><\/div><div id=\"wpforms-5703-field_6-container\" class=\"wpforms-field wpforms-field-textarea\" data-field-id=\"6\"><label class=\"wpforms-field-label\" for=\"wpforms-5703-field_6\">Varsa \u00f6zel notunuz<\/label><textarea id=\"wpforms-5703-field_6\" class=\"wpforms-field-medium\" name=\"wpforms[fields][6]\" ><\/textarea><\/div><\/div><!-- .wpforms-field-container --><div class=\"wpforms-submit-container\" ><input type=\"hidden\" name=\"wpforms[id]\" value=\"5703\"><input type=\"hidden\" name=\"wpforms[author]\" value=\"1\"><button type=\"submit\" name=\"wpforms[submit]\" id=\"wpforms-submit-5703\" class=\"wpforms-submit\" data-alt-text=\"G\u00f6nderiliyor...\" data-submit-text=\"G\u00f6nder\" aria-live=\"assertive\" value=\"wpforms-submit\">G\u00f6nder<\/button><\/div><\/form><\/div>  <!-- .wpforms-container --> [\/vc_column_text][\/vc_column][\/vc_row]<\/p>\n<\/div>","protected":false},"excerpt":{"rendered":"<p>[vc_row full_width=&#8221;stretch_row&#8221; css=&#8221;.vc_custom_1627293604562{padding-top: 90px !important;padding-bottom: 60px !important;background-image: url(https:\/\/leyissa.de\/wp-content\/uploads\/2019\/08\/Home4-About-Img.jpg?id=4570) !important;background-position: center !important;background-repeat: no-repeat !important;background-size: cover !important;}&#8221;][vc_column][vc_column_text] [\/vc_column_text][\/vc_column][\/vc_row]<\/p>\n","protected":false},"author":1,"featured_media":0,"parent":0,"menu_order":0,"comment_status":"closed","ping_status":"closed","template":"","meta":{"footnotes":""},"class_list":["post-3076","page","type-page","status-publish","hentry"],"_links":{"self":[{"href":"https:\/\/leyissa.de\/tr\/wp-json\/wp\/v2\/pages\/3076","targetHints":{"allow":["GET"]}}],"collection":[{"href":"https:\/\/leyissa.de\/tr\/wp-json\/wp\/v2\/pages"}],"about":[{"href":"https:\/\/leyissa.de\/tr\/wp-json\/wp\/v2\/types\/page"}],"author":[{"embeddable":true,"href":"https:\/\/leyissa.de\/tr\/wp-json\/wp\/v2\/users\/1"}],"replies":[{"embeddable":true,"href":"https:\/\/leyissa.de\/tr\/wp-json\/wp\/v2\/comments?post=3076"}],"version-history":[{"count":10,"href":"https:\/\/leyissa.de\/tr\/wp-json\/wp\/v2\/pages\/3076\/revisions"}],"predecessor-version":[{"id":5704,"href":"https:\/\/leyissa.de\/tr\/wp-json\/wp\/v2\/pages\/3076\/revisions\/5704"}],"wp:attachment":[{"href":"https:\/\/leyissa.de\/tr\/wp-json\/wp\/v2\/media?parent=3076"}],"curies":[{"name":"wp","href":"https:\/\/api.w.org\/{rel}","templated":true}]}}